{"id":30128,"date":"2025-05-25T23:17:22","date_gmt":"2025-05-26T07:17:22","guid":{"rendered":"http:\/\/45.63.70.205\/?post_type=product&#038;p=30128"},"modified":"2025-06-24T02:36:37","modified_gmt":"2025-06-24T10:36:37","slug":"wholesale-custom-savage-not-average-holographic-notebook","status":"publish","type":"product","link":"http:\/\/shinyyoustationery.com\/fr\/wholesale-custom-savage-not-average-holographic-notebook\/","title":{"rendered":"Carnet de notes holographique personnalis\u00e9 \"SAVAGE NOT AVERAGE\" (en gros)"},"content":{"rendered":"","protected":false},"excerpt":{"rendered":"<p>Ce carnet holographique accrocheur affiche la phrase \"SAVAGE NOT AVERAGE\" en lettres ludiques et color\u00e9es. La couverture scintillante et r\u00e9fl\u00e9chissante ajoute une touche unique et amusante, ce qui en fait l'accessoire parfait pour ceux qui veulent exprimer leur confiance et leur individualit\u00e9. Id\u00e9al pour tenir un journal, prendre des notes ou comme agenda quotidien, ce carnet allie style et fonction d'une mani\u00e8re qui est loin d'\u00eatre ordinaire !<\/p>","protected":false},"featured_media":33354,"template":"","meta":[],"product_brand":[],"product_cat":[495,667],"product_tag":[],"class_list":{"0":"post-30128","1":"product","2":"type-product","3":"status-publish","4":"has-post-thumbnail","6":"product_cat-exercise-book","7":"product_cat-hardcover-notebook","9":"first","10":"instock","11":"shipping-taxable","12":"product-type-simple"},"_links":{"self":[{"href":"http:\/\/shinyyoustationery.com\/fr\/wp-json\/wp\/v2\/product\/30128","targetHints":{"allow":["GET"]}}],"collection":[{"href":"http:\/\/shinyyoustationery.com\/fr\/wp-json\/wp\/v2\/product"}],"about":[{"href":"http:\/\/shinyyoustationery.com\/fr\/wp-json\/wp\/v2\/types\/product"}],"version-history":[{"count":0,"href":"http:\/\/shinyyoustationery.com\/fr\/wp-json\/wp\/v2\/product\/30128\/revisions"}],"wp:featuredmedia":[{"embeddable":true,"href":"http:\/\/shinyyoustationery.com\/fr\/wp-json\/wp\/v2\/media\/33354"}],"wp:attachment":[{"href":"http:\/\/shinyyoustationery.com\/fr\/wp-json\/wp\/v2\/media?parent=30128"}],"wp:term":[{"taxonomy":"product_brand","embeddable":true,"href":"http:\/\/shinyyoustationery.com\/fr\/wp-json\/wp\/v2\/product_brand?post=30128"},{"taxonomy":"product_cat","embeddable":true,"href":"http:\/\/shinyyoustationery.com\/fr\/wp-json\/wp\/v2\/product_cat?post=30128"},{"taxonomy":"product_tag","embeddable":true,"href":"http:\/\/shinyyoustationery.com\/fr\/wp-json\/wp\/v2\/product_tag?post=30128"}],"curies":[{"name":"wp","href":"https:\/\/api.w.org\/{rel}","templated":true}]}}