{"id":30133,"date":"2025-05-25T23:44:30","date_gmt":"2025-05-26T07:44:30","guid":{"rendered":"http:\/\/45.63.70.205\/?post_type=product&#038;p=30133"},"modified":"2025-08-04T00:57:09","modified_gmt":"2025-08-04T08:57:09","slug":"wholesale-custom-pink-fashion-pencil-case-fun-storage-for-school-office","status":"publish","type":"product","link":"http:\/\/shinyyoustationery.com\/fr\/wholesale-custom-pink-fashion-pencil-case-fun-storage-for-school-office\/","title":{"rendered":"Wholesale Custom Pink Fashion Pencil Case - Fun Storage for School &amp; Office"},"content":{"rendered":"","protected":false},"excerpt":{"rendered":"<p>Cette trousse rose vif pr\u00e9sente un motif ludique \"SASS A DAY\", parfait pour ajouter une touche de couleur \u00e0 vos accessoires d'\u00e9cole ou de bureau. Fabriqu\u00e9e dans un mat\u00e9riau durable et dot\u00e9e d'une fermeture \u00e9clair s\u00e9curis\u00e9e, elle offre suffisamment d'espace pour ranger stylos, crayons et autres objets essentiels. Que ce soit pour les \u00e9tudiants ou les professionnels, cet \u00e9tui \u00e0 crayons amusant et fonctionnel est id\u00e9al pour garder votre papeterie organis\u00e9e avec style.<\/p>","protected":false},"featured_media":33649,"template":"","meta":[],"product_brand":[],"product_cat":[520,684],"product_tag":[],"class_list":{"0":"post-30133","1":"product","2":"type-product","3":"status-publish","4":"has-post-thumbnail","6":"product_cat-pencil-case-pouch","7":"product_cat-fashion-collection","9":"first","10":"instock","11":"shipping-taxable","12":"product-type-simple"},"_links":{"self":[{"href":"http:\/\/shinyyoustationery.com\/fr\/wp-json\/wp\/v2\/product\/30133","targetHints":{"allow":["GET"]}}],"collection":[{"href":"http:\/\/shinyyoustationery.com\/fr\/wp-json\/wp\/v2\/product"}],"about":[{"href":"http:\/\/shinyyoustationery.com\/fr\/wp-json\/wp\/v2\/types\/product"}],"version-history":[{"count":0,"href":"http:\/\/shinyyoustationery.com\/fr\/wp-json\/wp\/v2\/product\/30133\/revisions"}],"wp:featuredmedia":[{"embeddable":true,"href":"http:\/\/shinyyoustationery.com\/fr\/wp-json\/wp\/v2\/media\/33649"}],"wp:attachment":[{"href":"http:\/\/shinyyoustationery.com\/fr\/wp-json\/wp\/v2\/media?parent=30133"}],"wp:term":[{"taxonomy":"product_brand","embeddable":true,"href":"http:\/\/shinyyoustationery.com\/fr\/wp-json\/wp\/v2\/product_brand?post=30133"},{"taxonomy":"product_cat","embeddable":true,"href":"http:\/\/shinyyoustationery.com\/fr\/wp-json\/wp\/v2\/product_cat?post=30133"},{"taxonomy":"product_tag","embeddable":true,"href":"http:\/\/shinyyoustationery.com\/fr\/wp-json\/wp\/v2\/product_tag?post=30133"}],"curies":[{"name":"wp","href":"https:\/\/api.w.org\/{rel}","templated":true}]}}