{"id":30139,"date":"2025-05-25T23:54:11","date_gmt":"2025-05-26T07:54:11","guid":{"rendered":"http:\/\/45.63.70.205\/?post_type=product&#038;p=30139"},"modified":"2025-07-08T21:18:26","modified_gmt":"2025-07-08T13:18:26","slug":"wholesale-custom-fun-sassy-3-pack-quote-pens","status":"publish","type":"product","link":"http:\/\/shinyyoustationery.com\/fr\/wholesale-custom-fun-sassy-3-pack-quote-pens\/","title":{"rendered":"Wholesale Custom Fun Fun Sassy 3-Pack Quote Stylos"},"content":{"rendered":"","protected":false},"excerpt":{"rendered":"<p>Ce set de trois stylos \u00e0 citations ajoute une touche ludique et impertinente \u00e0 votre collection de papeterie. Dot\u00e9s de couleurs vives et de citations amusantes telles que \"BLAH BLAH\", \"SASSY SINCE BIRTH\" et \"GIRLS\", ces stylos sont parfaits pour se faire remarquer tout en \u00e9crivant. Les accents dor\u00e9s et les capuchons en forme de c\u0153ur ajoutent une touche de style, ce qui en fait non seulement des objets fonctionnels mais aussi des accessoires amusants pour votre bureau ou votre trousse \u00e0 crayons. Un must pour ceux qui aiment ajouter un peu de personnalit\u00e9 \u00e0 leurs articles de tous les jours !<\/p>","protected":false},"featured_media":35077,"template":"","meta":[],"product_brand":[],"product_cat":[415,479],"product_tag":[],"class_list":{"0":"post-30139","1":"product","2":"type-product","3":"status-publish","4":"has-post-thumbnail","6":"product_cat-pen","7":"product_cat-ballpoint-pen","9":"first","10":"instock","11":"shipping-taxable","12":"product-type-simple"},"_links":{"self":[{"href":"http:\/\/shinyyoustationery.com\/fr\/wp-json\/wp\/v2\/product\/30139","targetHints":{"allow":["GET"]}}],"collection":[{"href":"http:\/\/shinyyoustationery.com\/fr\/wp-json\/wp\/v2\/product"}],"about":[{"href":"http:\/\/shinyyoustationery.com\/fr\/wp-json\/wp\/v2\/types\/product"}],"version-history":[{"count":0,"href":"http:\/\/shinyyoustationery.com\/fr\/wp-json\/wp\/v2\/product\/30139\/revisions"}],"wp:featuredmedia":[{"embeddable":true,"href":"http:\/\/shinyyoustationery.com\/fr\/wp-json\/wp\/v2\/media\/35077"}],"wp:attachment":[{"href":"http:\/\/shinyyoustationery.com\/fr\/wp-json\/wp\/v2\/media?parent=30139"}],"wp:term":[{"taxonomy":"product_brand","embeddable":true,"href":"http:\/\/shinyyoustationery.com\/fr\/wp-json\/wp\/v2\/product_brand?post=30139"},{"taxonomy":"product_cat","embeddable":true,"href":"http:\/\/shinyyoustationery.com\/fr\/wp-json\/wp\/v2\/product_cat?post=30139"},{"taxonomy":"product_tag","embeddable":true,"href":"http:\/\/shinyyoustationery.com\/fr\/wp-json\/wp\/v2\/product_tag?post=30139"}],"curies":[{"name":"wp","href":"https:\/\/api.w.org\/{rel}","templated":true}]}}