{"id":30148,"date":"2025-05-26T00:29:33","date_gmt":"2025-05-26T08:29:33","guid":{"rendered":"http:\/\/45.63.70.205\/?post_type=product&#038;p=30148"},"modified":"2025-08-13T03:51:48","modified_gmt":"2025-08-13T11:51:48","slug":"wholesale-custom-white-blah-print-magazine-file-holder-fun-organizer-for-home-office","status":"publish","type":"product","link":"http:\/\/shinyyoustationery.com\/fr\/wholesale-custom-white-blah-print-magazine-file-holder-fun-organizer-for-home-office\/","title":{"rendered":"Wholesale Custom White 'BLAH' Print Magazine File Holder - Fun Organizer for Home &amp; Office"},"content":{"rendered":"","protected":false},"excerpt":{"rendered":"<p>Ce porte-dossier blanc est orn\u00e9 d'un motif noir r\u00e9p\u00e9titif \"BLAH\", qui ajoute une touche ludique et moderne \u00e0 tout bureau. Il est parfait pour organiser des magazines, des documents ou des dossiers, \u00e0 la maison comme au bureau. Son design \u00e0 la fois minimaliste et excentrique permet de garder un espace de travail ordonn\u00e9 et \u00e9l\u00e9gant.<\/p>","protected":false},"featured_media":33662,"template":"","meta":[],"product_brand":[],"product_cat":[412,438,671,684],"product_tag":[],"class_list":{"0":"post-30148","1":"product","2":"type-product","3":"status-publish","4":"has-post-thumbnail","6":"product_cat-document-file-folder","7":"product_cat-document-file-holder","8":"product_cat-magazine-file","9":"product_cat-fashion-collection","11":"first","12":"instock","13":"shipping-taxable","14":"product-type-simple"},"_links":{"self":[{"href":"http:\/\/shinyyoustationery.com\/fr\/wp-json\/wp\/v2\/product\/30148","targetHints":{"allow":["GET"]}}],"collection":[{"href":"http:\/\/shinyyoustationery.com\/fr\/wp-json\/wp\/v2\/product"}],"about":[{"href":"http:\/\/shinyyoustationery.com\/fr\/wp-json\/wp\/v2\/types\/product"}],"version-history":[{"count":0,"href":"http:\/\/shinyyoustationery.com\/fr\/wp-json\/wp\/v2\/product\/30148\/revisions"}],"wp:featuredmedia":[{"embeddable":true,"href":"http:\/\/shinyyoustationery.com\/fr\/wp-json\/wp\/v2\/media\/33662"}],"wp:attachment":[{"href":"http:\/\/shinyyoustationery.com\/fr\/wp-json\/wp\/v2\/media?parent=30148"}],"wp:term":[{"taxonomy":"product_brand","embeddable":true,"href":"http:\/\/shinyyoustationery.com\/fr\/wp-json\/wp\/v2\/product_brand?post=30148"},{"taxonomy":"product_cat","embeddable":true,"href":"http:\/\/shinyyoustationery.com\/fr\/wp-json\/wp\/v2\/product_cat?post=30148"},{"taxonomy":"product_tag","embeddable":true,"href":"http:\/\/shinyyoustationery.com\/fr\/wp-json\/wp\/v2\/product_tag?post=30148"}],"curies":[{"name":"wp","href":"https:\/\/api.w.org\/{rel}","templated":true}]}}