{"id":30158,"date":"2025-05-26T00:53:32","date_gmt":"2025-05-26T08:53:32","guid":{"rendered":"http:\/\/45.63.70.205\/?post_type=product&#038;p=30158"},"modified":"2025-06-26T02:34:59","modified_gmt":"2025-06-26T10:34:59","slug":"wholesale-custom-simple-fashion-document-bags-for-office-school","status":"publish","type":"product","link":"http:\/\/shinyyoustationery.com\/fr\/wholesale-custom-simple-fashion-document-bags-for-office-school\/","title":{"rendered":"Sacs \u00e0 documents personnalis\u00e9s en gros pour le bureau et l'\u00e9cole"},"content":{"rendered":"","protected":false},"excerpt":{"rendered":"<p>Ce lot de trois porte-documents \u00e9l\u00e9gants en rose, jaune et blanc est un moyen amusant et pratique d'organiser vos documents au bureau, \u00e0 l'\u00e9cole ou \u00e0 la maison. Chaque sac est dot\u00e9 d'une fermeture s\u00e9curis\u00e9e, ce qui permet de conserver vos documents en toute s\u00e9curit\u00e9 et de les ranger proprement. Parfait pour un usage quotidien dans divers environnements !<\/p>","protected":false},"featured_media":33671,"template":"","meta":[],"product_brand":[],"product_cat":[412,531,684],"product_tag":[],"class_list":{"0":"post-30158","1":"product","2":"type-product","3":"status-publish","4":"has-post-thumbnail","6":"product_cat-document-file-folder","7":"product_cat-document-bag-case","8":"product_cat-fashion-collection","10":"first","11":"instock","12":"shipping-taxable","13":"product-type-simple"},"_links":{"self":[{"href":"http:\/\/shinyyoustationery.com\/fr\/wp-json\/wp\/v2\/product\/30158","targetHints":{"allow":["GET"]}}],"collection":[{"href":"http:\/\/shinyyoustationery.com\/fr\/wp-json\/wp\/v2\/product"}],"about":[{"href":"http:\/\/shinyyoustationery.com\/fr\/wp-json\/wp\/v2\/types\/product"}],"version-history":[{"count":0,"href":"http:\/\/shinyyoustationery.com\/fr\/wp-json\/wp\/v2\/product\/30158\/revisions"}],"wp:featuredmedia":[{"embeddable":true,"href":"http:\/\/shinyyoustationery.com\/fr\/wp-json\/wp\/v2\/media\/33671"}],"wp:attachment":[{"href":"http:\/\/shinyyoustationery.com\/fr\/wp-json\/wp\/v2\/media?parent=30158"}],"wp:term":[{"taxonomy":"product_brand","embeddable":true,"href":"http:\/\/shinyyoustationery.com\/fr\/wp-json\/wp\/v2\/product_brand?post=30158"},{"taxonomy":"product_cat","embeddable":true,"href":"http:\/\/shinyyoustationery.com\/fr\/wp-json\/wp\/v2\/product_cat?post=30158"},{"taxonomy":"product_tag","embeddable":true,"href":"http:\/\/shinyyoustationery.com\/fr\/wp-json\/wp\/v2\/product_tag?post=30158"}],"curies":[{"name":"wp","href":"https:\/\/api.w.org\/{rel}","templated":true}]}}