{"id":30169,"date":"2025-05-26T01:25:12","date_gmt":"2025-05-26T09:25:12","guid":{"rendered":"http:\/\/45.63.70.205\/?post_type=product&#038;p=30169"},"modified":"2025-05-26T01:26:32","modified_gmt":"2025-05-26T09:26:32","slug":"custom-minimalist-weekly-planner-pad","status":"publish","type":"product","link":"http:\/\/shinyyoustationery.com\/fr\/custom-minimalist-weekly-planner-pad\/","title":{"rendered":"Bloc d'agenda hebdomadaire minimaliste personnalis\u00e9"},"content":{"rendered":"","protected":false},"excerpt":{"rendered":"<p>Gardez votre semaine sur les rails gr\u00e2ce \u00e0 notre bloc-notes hebdomadaire moderne et \u00e9pur\u00e9. Avec des espaces d\u00e9sign\u00e9s pour chaque jour de la semaine, le week-end, les priorit\u00e9s et une liste de choses \u00e0 faire, ce planificateur aide \u00e0 stimuler la productivit\u00e9 et la clart\u00e9. Id\u00e9al pour \u00eatre personnalis\u00e9 avec votre marque ou vos designs personnels, il est parfait pour les cadeaux d'entreprise, les papeteries ou l'usage personnel. Les feuilles d\u00e9tachables facilitent son utilisation \u00e0 la maison, \u00e0 l'\u00e9cole ou au bureau.<\/p>","protected":false},"featured_media":30170,"template":"","meta":[],"product_brand":[],"product_cat":[669],"product_tag":[],"class_list":{"0":"post-30169","1":"product","2":"type-product","3":"status-publish","4":"has-post-thumbnail","6":"product_cat-planners","8":"first","9":"instock","10":"shipping-taxable","11":"product-type-simple"},"_links":{"self":[{"href":"http:\/\/shinyyoustationery.com\/fr\/wp-json\/wp\/v2\/product\/30169","targetHints":{"allow":["GET"]}}],"collection":[{"href":"http:\/\/shinyyoustationery.com\/fr\/wp-json\/wp\/v2\/product"}],"about":[{"href":"http:\/\/shinyyoustationery.com\/fr\/wp-json\/wp\/v2\/types\/product"}],"version-history":[{"count":0,"href":"http:\/\/shinyyoustationery.com\/fr\/wp-json\/wp\/v2\/product\/30169\/revisions"}],"wp:featuredmedia":[{"embeddable":true,"href":"http:\/\/shinyyoustationery.com\/fr\/wp-json\/wp\/v2\/media\/30170"}],"wp:attachment":[{"href":"http:\/\/shinyyoustationery.com\/fr\/wp-json\/wp\/v2\/media?parent=30169"}],"wp:term":[{"taxonomy":"product_brand","embeddable":true,"href":"http:\/\/shinyyoustationery.com\/fr\/wp-json\/wp\/v2\/product_brand?post=30169"},{"taxonomy":"product_cat","embeddable":true,"href":"http:\/\/shinyyoustationery.com\/fr\/wp-json\/wp\/v2\/product_cat?post=30169"},{"taxonomy":"product_tag","embeddable":true,"href":"http:\/\/shinyyoustationery.com\/fr\/wp-json\/wp\/v2\/product_tag?post=30169"}],"curies":[{"name":"wp","href":"https:\/\/api.w.org\/{rel}","templated":true}]}}