{"id":30183,"date":"2025-05-26T02:29:08","date_gmt":"2025-05-26T10:29:08","guid":{"rendered":"http:\/\/45.63.70.205\/?post_type=product&#038;p=30183"},"modified":"2025-05-26T02:29:08","modified_gmt":"2025-05-26T10:29:08","slug":"trendy-custom-poly-document-folders","status":"publish","type":"product","link":"http:\/\/shinyyoustationery.com\/fr\/trendy-custom-poly-document-folders\/","title":{"rendered":"Chemises \u00e0 documents en poly\u00e9thyl\u00e8ne personnalis\u00e9es"},"content":{"rendered":"","protected":false},"excerpt":{"rendered":"<p>Faites-vous remarquer tout en restant organis\u00e9 gr\u00e2ce \u00e0 nos chemises \u00e0 documents en poly\u00e9thyl\u00e8ne personnalis\u00e9es. Ces chemises imperm\u00e9ables \u00e0 fermeture \u00e0 boutons sont id\u00e9ales pour les \u00e9tudiants, les professionnels et les activit\u00e9s promotionnelles. Elles pr\u00e9sentent des motifs noirs et blancs \u00e9clatants tels que des pois, des chevrons et des slogans amusants tels que \"Trop cool pour l'\u00e9cole\". Personnalisez-les avec votre marque ou votre dessin pour cr\u00e9er des articles de papeterie \u00e9l\u00e9gants et fonctionnels qui se d\u00e9marqueront dans n'importe quel sac \u00e0 dos, porte-documents ou salle de classe. Parfaites pour les cadeaux publicitaires, les collections de rentr\u00e9e scolaire et les fournitures de bureau.<\/p>","protected":false},"featured_media":30184,"template":"","meta":[],"product_brand":[],"product_cat":[438],"product_tag":[],"class_list":{"0":"post-30183","1":"product","2":"type-product","3":"status-publish","4":"has-post-thumbnail","6":"product_cat-document-file-holder","8":"first","9":"instock","10":"shipping-taxable","11":"product-type-simple"},"_links":{"self":[{"href":"http:\/\/shinyyoustationery.com\/fr\/wp-json\/wp\/v2\/product\/30183","targetHints":{"allow":["GET"]}}],"collection":[{"href":"http:\/\/shinyyoustationery.com\/fr\/wp-json\/wp\/v2\/product"}],"about":[{"href":"http:\/\/shinyyoustationery.com\/fr\/wp-json\/wp\/v2\/types\/product"}],"version-history":[{"count":0,"href":"http:\/\/shinyyoustationery.com\/fr\/wp-json\/wp\/v2\/product\/30183\/revisions"}],"wp:featuredmedia":[{"embeddable":true,"href":"http:\/\/shinyyoustationery.com\/fr\/wp-json\/wp\/v2\/media\/30184"}],"wp:attachment":[{"href":"http:\/\/shinyyoustationery.com\/fr\/wp-json\/wp\/v2\/media?parent=30183"}],"wp:term":[{"taxonomy":"product_brand","embeddable":true,"href":"http:\/\/shinyyoustationery.com\/fr\/wp-json\/wp\/v2\/product_brand?post=30183"},{"taxonomy":"product_cat","embeddable":true,"href":"http:\/\/shinyyoustationery.com\/fr\/wp-json\/wp\/v2\/product_cat?post=30183"},{"taxonomy":"product_tag","embeddable":true,"href":"http:\/\/shinyyoustationery.com\/fr\/wp-json\/wp\/v2\/product_tag?post=30183"}],"curies":[{"name":"wp","href":"https:\/\/api.w.org\/{rel}","templated":true}]}}