{"id":30196,"date":"2025-05-26T02:59:06","date_gmt":"2025-05-26T10:59:06","guid":{"rendered":"http:\/\/45.63.70.205\/?post_type=product&#038;p=30196"},"modified":"2025-07-02T19:45:38","modified_gmt":"2025-07-02T11:45:38","slug":"custom-stylish-striped-pencils-8-pack-set","status":"publish","type":"product","link":"http:\/\/shinyyoustationery.com\/fr\/custom-stylish-striped-pencils-8-pack-set\/","title":{"rendered":"Crayons de couleur \u00e0 rayures personnalis\u00e9s - Lot de 8 crayons"},"content":{"rendered":"","protected":false},"excerpt":{"rendered":"<p>Ajoutez une touche de sophistication \u00e0 votre \u00e9criture avec nos crayons ray\u00e9s personnalis\u00e9s. Chaque paquet contient 8 crayons \u00e9l\u00e9gants avec des rayures noires et blanches audacieuses, offrant \u00e0 la fois fonctionnalit\u00e9 et style. Parfaits pour les \u00e9tudiants, les professionnels ou les cadeaux promotionnels, ces crayons peuvent \u00eatre facilement personnalis\u00e9s avec votre logo ou votre message. Que vous les utilisiez pour \u00e9crire au quotidien, pour des projets scolaires ou comme cadeau \u00e9l\u00e9gant, ces crayons ne manqueront pas de faire impression tout en offrant des performances fiables.<\/p>","protected":false},"featured_media":30215,"template":"","meta":[],"product_brand":[],"product_cat":[415],"product_tag":[],"class_list":{"0":"post-30196","1":"product","2":"type-product","3":"status-publish","4":"has-post-thumbnail","6":"product_cat-pen","8":"first","9":"instock","10":"shipping-taxable","11":"product-type-simple"},"_links":{"self":[{"href":"http:\/\/shinyyoustationery.com\/fr\/wp-json\/wp\/v2\/product\/30196","targetHints":{"allow":["GET"]}}],"collection":[{"href":"http:\/\/shinyyoustationery.com\/fr\/wp-json\/wp\/v2\/product"}],"about":[{"href":"http:\/\/shinyyoustationery.com\/fr\/wp-json\/wp\/v2\/types\/product"}],"version-history":[{"count":0,"href":"http:\/\/shinyyoustationery.com\/fr\/wp-json\/wp\/v2\/product\/30196\/revisions"}],"wp:featuredmedia":[{"embeddable":true,"href":"http:\/\/shinyyoustationery.com\/fr\/wp-json\/wp\/v2\/media\/30215"}],"wp:attachment":[{"href":"http:\/\/shinyyoustationery.com\/fr\/wp-json\/wp\/v2\/media?parent=30196"}],"wp:term":[{"taxonomy":"product_brand","embeddable":true,"href":"http:\/\/shinyyoustationery.com\/fr\/wp-json\/wp\/v2\/product_brand?post=30196"},{"taxonomy":"product_cat","embeddable":true,"href":"http:\/\/shinyyoustationery.com\/fr\/wp-json\/wp\/v2\/product_cat?post=30196"},{"taxonomy":"product_tag","embeddable":true,"href":"http:\/\/shinyyoustationery.com\/fr\/wp-json\/wp\/v2\/product_tag?post=30196"}],"curies":[{"name":"wp","href":"https:\/\/api.w.org\/{rel}","templated":true}]}}