{"id":30198,"date":"2025-05-26T03:04:03","date_gmt":"2025-05-26T11:04:03","guid":{"rendered":"http:\/\/45.63.70.205\/?post_type=product&#038;p=30198"},"modified":"2025-07-02T19:45:30","modified_gmt":"2025-07-02T11:45:30","slug":"custom-colorful-highlighter-set-bold-polka-dot-design-4-pack","status":"publish","type":"product","link":"http:\/\/shinyyoustationery.com\/fr\/custom-colorful-highlighter-set-bold-polka-dot-design-4-pack\/","title":{"rendered":"Set de surligneurs color\u00e9s personnalis\u00e9s - Design \u00e0 pois (4-Pack)"},"content":{"rendered":"","protected":false},"excerpt":{"rendered":"<p>Egayez vos sessions d'\u00e9tude avec notre set de surligneurs \u00e0 pois personnalis\u00e9. Ce lot de 4 surligneurs rose, jaune, vert et bleu est orn\u00e9 d'un \u00e9l\u00e9gant motif \u00e0 pois noir et blanc. Parfait pour organiser vos notes, surligner les informations importantes et ajouter une touche de couleur \u00e0 votre espace de travail. Personnalisez ces surligneurs avec le logo de votre marque ou un design personnalis\u00e9 pour un produit promotionnel amusant et fonctionnel. Que ce soit pour les \u00e9tudiants, les professionnels ou les cadeaux publicitaires, ces surligneurs ne manqueront pas de faire bonne impression !<\/p>","protected":false},"featured_media":30199,"template":"","meta":[],"product_brand":[],"product_cat":[415,418],"product_tag":[],"class_list":{"0":"post-30198","1":"product","2":"type-product","3":"status-publish","4":"has-post-thumbnail","6":"product_cat-pen","7":"product_cat-highlighter","9":"first","10":"instock","11":"shipping-taxable","12":"product-type-simple"},"_links":{"self":[{"href":"http:\/\/shinyyoustationery.com\/fr\/wp-json\/wp\/v2\/product\/30198","targetHints":{"allow":["GET"]}}],"collection":[{"href":"http:\/\/shinyyoustationery.com\/fr\/wp-json\/wp\/v2\/product"}],"about":[{"href":"http:\/\/shinyyoustationery.com\/fr\/wp-json\/wp\/v2\/types\/product"}],"version-history":[{"count":0,"href":"http:\/\/shinyyoustationery.com\/fr\/wp-json\/wp\/v2\/product\/30198\/revisions"}],"wp:featuredmedia":[{"embeddable":true,"href":"http:\/\/shinyyoustationery.com\/fr\/wp-json\/wp\/v2\/media\/30199"}],"wp:attachment":[{"href":"http:\/\/shinyyoustationery.com\/fr\/wp-json\/wp\/v2\/media?parent=30198"}],"wp:term":[{"taxonomy":"product_brand","embeddable":true,"href":"http:\/\/shinyyoustationery.com\/fr\/wp-json\/wp\/v2\/product_brand?post=30198"},{"taxonomy":"product_cat","embeddable":true,"href":"http:\/\/shinyyoustationery.com\/fr\/wp-json\/wp\/v2\/product_cat?post=30198"},{"taxonomy":"product_tag","embeddable":true,"href":"http:\/\/shinyyoustationery.com\/fr\/wp-json\/wp\/v2\/product_tag?post=30198"}],"curies":[{"name":"wp","href":"https:\/\/api.w.org\/{rel}","templated":true}]}}