{"id":30205,"date":"2025-05-26T03:18:09","date_gmt":"2025-05-26T11:18:09","guid":{"rendered":"http:\/\/45.63.70.205\/?post_type=product&#038;p=30205"},"modified":"2025-07-07T15:21:02","modified_gmt":"2025-07-07T07:21:02","slug":"custom-stylish-black-and-white-geometric-pencil-case","status":"publish","type":"product","link":"http:\/\/shinyyoustationery.com\/fr\/custom-stylish-black-and-white-geometric-pencil-case\/","title":{"rendered":"Trousse \u00e0 crayons g\u00e9om\u00e9trique noire et blanche personnalis\u00e9e"},"content":{"rendered":"","protected":false},"excerpt":{"rendered":"<p>Organisez votre papeterie avec style gr\u00e2ce \u00e0 notre trousse \u00e0 crayons noire et blanche personnalis\u00e9e. Cette trousse compacte et tendance pr\u00e9sente un design unique \u00e0 pois noirs et blancs, offrant \u00e0 la fois durabilit\u00e9 et \u00e9l\u00e9gance. Parfaite pour les \u00e9tudiants, les professionnels et tous ceux qui aiment l'ordre avec une touche de style, cette trousse peut \u00eatre personnalis\u00e9e avec votre logo ou votre dessin. Id\u00e9ale pour ranger stylos, crayons, marqueurs et autres petits accessoires, elle est le compl\u00e9ment parfait de votre bureau ou de votre sac \u00e0 dos. Restez organis\u00e9 tout en ajoutant une touche amusante \u00e0 vos accessoires de tous les jours !<\/p>","protected":false},"featured_media":30206,"template":"","meta":[],"product_brand":[],"product_cat":[477,520],"product_tag":[],"class_list":{"0":"post-30205","1":"product","2":"type-product","3":"status-publish","4":"has-post-thumbnail","6":"product_cat-school-bags","7":"product_cat-pencil-case-pouch","9":"first","10":"instock","11":"shipping-taxable","12":"product-type-simple"},"_links":{"self":[{"href":"http:\/\/shinyyoustationery.com\/fr\/wp-json\/wp\/v2\/product\/30205","targetHints":{"allow":["GET"]}}],"collection":[{"href":"http:\/\/shinyyoustationery.com\/fr\/wp-json\/wp\/v2\/product"}],"about":[{"href":"http:\/\/shinyyoustationery.com\/fr\/wp-json\/wp\/v2\/types\/product"}],"version-history":[{"count":0,"href":"http:\/\/shinyyoustationery.com\/fr\/wp-json\/wp\/v2\/product\/30205\/revisions"}],"wp:featuredmedia":[{"embeddable":true,"href":"http:\/\/shinyyoustationery.com\/fr\/wp-json\/wp\/v2\/media\/30206"}],"wp:attachment":[{"href":"http:\/\/shinyyoustationery.com\/fr\/wp-json\/wp\/v2\/media?parent=30205"}],"wp:term":[{"taxonomy":"product_brand","embeddable":true,"href":"http:\/\/shinyyoustationery.com\/fr\/wp-json\/wp\/v2\/product_brand?post=30205"},{"taxonomy":"product_cat","embeddable":true,"href":"http:\/\/shinyyoustationery.com\/fr\/wp-json\/wp\/v2\/product_cat?post=30205"},{"taxonomy":"product_tag","embeddable":true,"href":"http:\/\/shinyyoustationery.com\/fr\/wp-json\/wp\/v2\/product_tag?post=30205"}],"curies":[{"name":"wp","href":"https:\/\/api.w.org\/{rel}","templated":true}]}}