{"id":30208,"date":"2025-05-26T03:23:54","date_gmt":"2025-05-26T11:23:54","guid":{"rendered":"http:\/\/45.63.70.205\/?post_type=product&#038;p=30208"},"modified":"2025-05-26T03:25:00","modified_gmt":"2025-05-26T11:25:00","slug":"custom-office-storage-containers-set-5-pack","status":"publish","type":"product","link":"http:\/\/shinyyoustationery.com\/fr\/custom-office-storage-containers-set-5-pack\/","title":{"rendered":"Conteneurs de rangement personnalis\u00e9s pour le bureau (paquet de 5)"},"content":{"rendered":"","protected":false},"excerpt":{"rendered":"<p>Cet ensemble de 5 pi\u00e8ces comprend des trombones, des punaises, des pinces \u00e0 reliure, des \u00e9lastiques et bien plus encore, le tout pr\u00e9sent\u00e9 dans des contenants transparents et empilables. Parfaits pour organiser les fournitures de bureau tout en ajoutant une touche chic \u00e0 votre bureau, ces articles sont propos\u00e9s dans un sch\u00e9ma de couleurs noir et blanc pour un look moderne et minimaliste. Personnalisez-les avec votre logo ou votre dessin pour cr\u00e9er un produit promotionnel unique, ou utilisez-les comme une solution efficace et tendance pour vos besoins de bureau. Restez organis\u00e9 avec style gr\u00e2ce \u00e0 cet ensemble tout-en-un.<\/p>","protected":false},"featured_media":30210,"template":"","meta":[],"product_brand":[],"product_cat":[380],"product_tag":[],"class_list":{"0":"post-30208","1":"product","2":"type-product","3":"status-publish","4":"has-post-thumbnail","6":"product_cat-school-stationery","8":"first","9":"instock","10":"shipping-taxable","11":"product-type-simple"},"_links":{"self":[{"href":"http:\/\/shinyyoustationery.com\/fr\/wp-json\/wp\/v2\/product\/30208","targetHints":{"allow":["GET"]}}],"collection":[{"href":"http:\/\/shinyyoustationery.com\/fr\/wp-json\/wp\/v2\/product"}],"about":[{"href":"http:\/\/shinyyoustationery.com\/fr\/wp-json\/wp\/v2\/types\/product"}],"version-history":[{"count":0,"href":"http:\/\/shinyyoustationery.com\/fr\/wp-json\/wp\/v2\/product\/30208\/revisions"}],"wp:featuredmedia":[{"embeddable":true,"href":"http:\/\/shinyyoustationery.com\/fr\/wp-json\/wp\/v2\/media\/30210"}],"wp:attachment":[{"href":"http:\/\/shinyyoustationery.com\/fr\/wp-json\/wp\/v2\/media?parent=30208"}],"wp:term":[{"taxonomy":"product_brand","embeddable":true,"href":"http:\/\/shinyyoustationery.com\/fr\/wp-json\/wp\/v2\/product_brand?post=30208"},{"taxonomy":"product_cat","embeddable":true,"href":"http:\/\/shinyyoustationery.com\/fr\/wp-json\/wp\/v2\/product_cat?post=30208"},{"taxonomy":"product_tag","embeddable":true,"href":"http:\/\/shinyyoustationery.com\/fr\/wp-json\/wp\/v2\/product_tag?post=30208"}],"curies":[{"name":"wp","href":"https:\/\/api.w.org\/{rel}","templated":true}]}}