{"id":33058,"date":"2025-06-22T22:37:47","date_gmt":"2025-06-23T06:37:47","guid":{"rendered":"http:\/\/45.63.70.205\/?post_type=product&#038;p=33058"},"modified":"2025-07-07T15:17:05","modified_gmt":"2025-07-07T07:17:05","slug":"wholesale-custom-durable-insulated-lunch-bag-for-easy-carrying-and-freshness","status":"publish","type":"product","link":"http:\/\/shinyyoustationery.com\/fr\/wholesale-custom-durable-insulated-lunch-bag-for-easy-carrying-and-freshness\/","title":{"rendered":"Wholesale Custom Durable Insulated Lunch Bag for Easy Carrying and Freshness (Sac \u00e0 lunch isotherme durable, facile \u00e0 transporter et frais)"},"content":{"rendered":"","protected":false},"excerpt":{"rendered":"<p>Ce sac \u00e0 lunch polyvalent est dot\u00e9 d'un syst\u00e8me d'isolation qui permet de conserver la fra\u00eecheur des aliments pendant les d\u00e9placements. Parfait pour l'\u00e9cole, le travail ou les voyages, il offre \u00e0 la fois commodit\u00e9 et praticit\u00e9 gr\u00e2ce \u00e0 un vaste espace de rangement et \u00e0 une poign\u00e9e de transport confortable.<\/p>","protected":false},"featured_media":33059,"template":"","meta":[],"product_brand":[],"product_cat":[681,477,536],"product_tag":[],"class_list":{"0":"post-33058","1":"product","2":"type-product","3":"status-publish","4":"has-post-thumbnail","6":"product_cat-green-collection","7":"product_cat-school-bags","8":"product_cat-lunch-bag-box","10":"first","11":"instock","12":"shipping-taxable","13":"product-type-simple"},"_links":{"self":[{"href":"http:\/\/shinyyoustationery.com\/fr\/wp-json\/wp\/v2\/product\/33058","targetHints":{"allow":["GET"]}}],"collection":[{"href":"http:\/\/shinyyoustationery.com\/fr\/wp-json\/wp\/v2\/product"}],"about":[{"href":"http:\/\/shinyyoustationery.com\/fr\/wp-json\/wp\/v2\/types\/product"}],"version-history":[{"count":0,"href":"http:\/\/shinyyoustationery.com\/fr\/wp-json\/wp\/v2\/product\/33058\/revisions"}],"wp:featuredmedia":[{"embeddable":true,"href":"http:\/\/shinyyoustationery.com\/fr\/wp-json\/wp\/v2\/media\/33059"}],"wp:attachment":[{"href":"http:\/\/shinyyoustationery.com\/fr\/wp-json\/wp\/v2\/media?parent=33058"}],"wp:term":[{"taxonomy":"product_brand","embeddable":true,"href":"http:\/\/shinyyoustationery.com\/fr\/wp-json\/wp\/v2\/product_brand?post=33058"},{"taxonomy":"product_cat","embeddable":true,"href":"http:\/\/shinyyoustationery.com\/fr\/wp-json\/wp\/v2\/product_cat?post=33058"},{"taxonomy":"product_tag","embeddable":true,"href":"http:\/\/shinyyoustationery.com\/fr\/wp-json\/wp\/v2\/product_tag?post=33058"}],"curies":[{"name":"wp","href":"https:\/\/api.w.org\/{rel}","templated":true}]}}