{"id":33063,"date":"2025-06-22T22:50:59","date_gmt":"2025-06-23T06:50:59","guid":{"rendered":"http:\/\/45.63.70.205\/?post_type=product&#038;p=33063"},"modified":"2025-06-22T22:50:59","modified_gmt":"2025-06-23T06:50:59","slug":"wholesale-custom-stylish-green-floral-drawstring-bag-with-zipper-pocket","status":"publish","type":"product","link":"http:\/\/shinyyoustationery.com\/fr\/wholesale-custom-stylish-green-floral-drawstring-bag-with-zipper-pocket\/","title":{"rendered":"Sac \u00e0 cordon \u00e0 fleurs vertes avec pochette \u00e0 fermeture \u00e0 glissi\u00e8re"},"content":{"rendered":"","protected":false},"excerpt":{"rendered":"<p>Ce sac \u00e0 cordon \u00e9cologique est parfait pour un usage quotidien. Dot\u00e9 d'un design vert vibrant avec de grands imprim\u00e9s floraux, il comprend une poche zipp\u00e9e pratique pour plus de rangement. Il est id\u00e9al pour transporter des objets essentiels tout en conservant un look d\u00e9contract\u00e9 et \u00e0 la mode.<\/p>","protected":false},"featured_media":33066,"template":"","meta":[],"product_brand":[],"product_cat":[681,533,535],"product_tag":[],"class_list":{"0":"post-33063","1":"product","2":"type-product","3":"status-publish","4":"has-post-thumbnail","6":"product_cat-green-collection","7":"product_cat-organizer-bag","8":"product_cat-storage-bag","10":"first","11":"instock","12":"shipping-taxable","13":"product-type-simple"},"_links":{"self":[{"href":"http:\/\/shinyyoustationery.com\/fr\/wp-json\/wp\/v2\/product\/33063","targetHints":{"allow":["GET"]}}],"collection":[{"href":"http:\/\/shinyyoustationery.com\/fr\/wp-json\/wp\/v2\/product"}],"about":[{"href":"http:\/\/shinyyoustationery.com\/fr\/wp-json\/wp\/v2\/types\/product"}],"version-history":[{"count":0,"href":"http:\/\/shinyyoustationery.com\/fr\/wp-json\/wp\/v2\/product\/33063\/revisions"}],"wp:featuredmedia":[{"embeddable":true,"href":"http:\/\/shinyyoustationery.com\/fr\/wp-json\/wp\/v2\/media\/33066"}],"wp:attachment":[{"href":"http:\/\/shinyyoustationery.com\/fr\/wp-json\/wp\/v2\/media?parent=33063"}],"wp:term":[{"taxonomy":"product_brand","embeddable":true,"href":"http:\/\/shinyyoustationery.com\/fr\/wp-json\/wp\/v2\/product_brand?post=33063"},{"taxonomy":"product_cat","embeddable":true,"href":"http:\/\/shinyyoustationery.com\/fr\/wp-json\/wp\/v2\/product_cat?post=33063"},{"taxonomy":"product_tag","embeddable":true,"href":"http:\/\/shinyyoustationery.com\/fr\/wp-json\/wp\/v2\/product_tag?post=33063"}],"curies":[{"name":"wp","href":"https:\/\/api.w.org\/{rel}","templated":true}]}}