{"id":33074,"date":"2025-06-22T23:12:10","date_gmt":"2025-06-23T07:12:10","guid":{"rendered":"http:\/\/45.63.70.205\/?post_type=product&#038;p=33074"},"modified":"2025-06-22T23:12:11","modified_gmt":"2025-06-23T07:12:11","slug":"wholesale-custom-charming-green-floral-backpack-for-school-and-outdoor-adventures","status":"publish","type":"product","link":"http:\/\/shinyyoustationery.com\/fr\/wholesale-custom-charming-green-floral-backpack-for-school-and-outdoor-adventures\/","title":{"rendered":"Wholesale Custom Charming Green Floral Backpack for School and Outdoor Adventures (Sac \u00e0 dos \u00e0 fleurs vertes pour l'\u00e9cole et les aventures en plein air)"},"content":{"rendered":"","protected":false},"excerpt":{"rendered":"<p>Cet \u00e9l\u00e9gant sac \u00e0 dos vert pr\u00e9sente un motif floral ludique, ce qui le rend parfait pour l'\u00e9cole ou les activit\u00e9s de plein air. Dot\u00e9 d'une poche frontale spacieuse et de bretelles r\u00e9glables, il offre praticit\u00e9 et confort tout en vous permettant de rester \u00e0 la mode lors de vos d\u00e9placements.<\/p>","protected":false},"featured_media":33076,"template":"","meta":[],"product_brand":[],"product_cat":[518,517,681],"product_tag":[],"class_list":{"0":"post-33074","1":"product","2":"type-product","3":"status-publish","4":"has-post-thumbnail","6":"product_cat-school-backpack","7":"product_cat-backpack","8":"product_cat-green-collection","10":"first","11":"instock","12":"shipping-taxable","13":"product-type-simple"},"_links":{"self":[{"href":"http:\/\/shinyyoustationery.com\/fr\/wp-json\/wp\/v2\/product\/33074","targetHints":{"allow":["GET"]}}],"collection":[{"href":"http:\/\/shinyyoustationery.com\/fr\/wp-json\/wp\/v2\/product"}],"about":[{"href":"http:\/\/shinyyoustationery.com\/fr\/wp-json\/wp\/v2\/types\/product"}],"version-history":[{"count":0,"href":"http:\/\/shinyyoustationery.com\/fr\/wp-json\/wp\/v2\/product\/33074\/revisions"}],"wp:featuredmedia":[{"embeddable":true,"href":"http:\/\/shinyyoustationery.com\/fr\/wp-json\/wp\/v2\/media\/33076"}],"wp:attachment":[{"href":"http:\/\/shinyyoustationery.com\/fr\/wp-json\/wp\/v2\/media?parent=33074"}],"wp:term":[{"taxonomy":"product_brand","embeddable":true,"href":"http:\/\/shinyyoustationery.com\/fr\/wp-json\/wp\/v2\/product_brand?post=33074"},{"taxonomy":"product_cat","embeddable":true,"href":"http:\/\/shinyyoustationery.com\/fr\/wp-json\/wp\/v2\/product_cat?post=33074"},{"taxonomy":"product_tag","embeddable":true,"href":"http:\/\/shinyyoustationery.com\/fr\/wp-json\/wp\/v2\/product_tag?post=33074"}],"curies":[{"name":"wp","href":"https:\/\/api.w.org\/{rel}","templated":true}]}}