{"id":33125,"date":"2025-06-23T01:39:47","date_gmt":"2025-06-23T09:39:47","guid":{"rendered":"http:\/\/45.63.70.205\/?post_type=product&#038;p=33125"},"modified":"2025-06-23T01:39:47","modified_gmt":"2025-06-23T09:39:47","slug":"wholesale-custom-lemon-weekly-planner-pad-for-desk-use-at-home-school-or-office","status":"publish","type":"product","link":"http:\/\/shinyyoustationery.com\/fr\/wholesale-custom-lemon-weekly-planner-pad-for-desk-use-at-home-school-or-office\/","title":{"rendered":"Wholesale Custom Lemon Weekly Planner Pad for Desk Use at Home, School, or Office (en anglais)"},"content":{"rendered":"","protected":false},"excerpt":{"rendered":"<p>Planifiez votre semaine avec style gr\u00e2ce \u00e0 ce bloc-notes hebdomadaire sur le th\u00e8me du citron. Dot\u00e9 de sections clairement divis\u00e9es pour chaque jour, ainsi que d'espaces d\u00e9di\u00e9s aux priorit\u00e9s et aux notes, c'est l'outil id\u00e9al pour rester organis\u00e9 et concentr\u00e9. Que vous g\u00e9riez des devoirs scolaires, des t\u00e2ches de bureau ou des objectifs personnels, cet agenda de bureau aux couleurs vives vous permet de tout garder \u00e0 l'esprit et de rester sur la bonne voie.<\/p>","protected":false},"featured_media":33126,"template":"","meta":[],"product_brand":[],"product_cat":[682,669],"product_tag":[],"class_list":{"0":"post-33125","1":"product","2":"type-product","3":"status-publish","4":"has-post-thumbnail","6":"product_cat-lemon-collection","7":"product_cat-planners","9":"first","10":"instock","11":"shipping-taxable","12":"product-type-simple"},"_links":{"self":[{"href":"http:\/\/shinyyoustationery.com\/fr\/wp-json\/wp\/v2\/product\/33125","targetHints":{"allow":["GET"]}}],"collection":[{"href":"http:\/\/shinyyoustationery.com\/fr\/wp-json\/wp\/v2\/product"}],"about":[{"href":"http:\/\/shinyyoustationery.com\/fr\/wp-json\/wp\/v2\/types\/product"}],"version-history":[{"count":0,"href":"http:\/\/shinyyoustationery.com\/fr\/wp-json\/wp\/v2\/product\/33125\/revisions"}],"wp:featuredmedia":[{"embeddable":true,"href":"http:\/\/shinyyoustationery.com\/fr\/wp-json\/wp\/v2\/media\/33126"}],"wp:attachment":[{"href":"http:\/\/shinyyoustationery.com\/fr\/wp-json\/wp\/v2\/media?parent=33125"}],"wp:term":[{"taxonomy":"product_brand","embeddable":true,"href":"http:\/\/shinyyoustationery.com\/fr\/wp-json\/wp\/v2\/product_brand?post=33125"},{"taxonomy":"product_cat","embeddable":true,"href":"http:\/\/shinyyoustationery.com\/fr\/wp-json\/wp\/v2\/product_cat?post=33125"},{"taxonomy":"product_tag","embeddable":true,"href":"http:\/\/shinyyoustationery.com\/fr\/wp-json\/wp\/v2\/product_tag?post=33125"}],"curies":[{"name":"wp","href":"https:\/\/api.w.org\/{rel}","templated":true}]}}