{"id":33129,"date":"2025-06-23T01:51:10","date_gmt":"2025-06-23T09:51:10","guid":{"rendered":"http:\/\/45.63.70.205\/?post_type=product&#038;p=33129"},"modified":"2025-06-23T01:51:10","modified_gmt":"2025-06-23T09:51:10","slug":"wholesale-custom-lemon-themed-to-do-list-for-kitchen-counters-offices-or-daily-errands","status":"publish","type":"product","link":"http:\/\/shinyyoustationery.com\/fr\/wholesale-custom-lemon-themed-to-do-list-for-kitchen-counters-offices-or-daily-errands\/","title":{"rendered":"Wholesale Custom Lemon-Themed To-Do List for Kitchen Counters, Offices, or Daily Errands (Liste de choses \u00e0 faire sur le th\u00e8me du citron pour les comptoirs de cuisine, les bureaux ou les courses quotidiennes)"},"content":{"rendered":"","protected":false},"excerpt":{"rendered":"<p>Notez vos t\u00e2ches, vos listes de courses ou vos rappels avec style gr\u00e2ce \u00e0 cette liste de choses \u00e0 faire et \u00e0 cet ensemble de crayons sur le th\u00e8me du citron. Dot\u00e9 d'un charmant porte-bloc, d'un bloc-notes lign\u00e9 et d'un porte-crayon pratique, il est parfait pour les matin\u00e9es actives dans la cuisine, les notes rapides sur votre bureau ou la planification des courses sur le pouce. Un compagnon gai et fonctionnel pour l'organisation quotidienne.<\/p>","protected":false},"featured_media":33130,"template":"","meta":[],"product_brand":[],"product_cat":[682,669],"product_tag":[],"class_list":{"0":"post-33129","1":"product","2":"type-product","3":"status-publish","4":"has-post-thumbnail","6":"product_cat-lemon-collection","7":"product_cat-planners","9":"first","10":"instock","11":"shipping-taxable","12":"product-type-simple"},"_links":{"self":[{"href":"http:\/\/shinyyoustationery.com\/fr\/wp-json\/wp\/v2\/product\/33129","targetHints":{"allow":["GET"]}}],"collection":[{"href":"http:\/\/shinyyoustationery.com\/fr\/wp-json\/wp\/v2\/product"}],"about":[{"href":"http:\/\/shinyyoustationery.com\/fr\/wp-json\/wp\/v2\/types\/product"}],"version-history":[{"count":0,"href":"http:\/\/shinyyoustationery.com\/fr\/wp-json\/wp\/v2\/product\/33129\/revisions"}],"wp:featuredmedia":[{"embeddable":true,"href":"http:\/\/shinyyoustationery.com\/fr\/wp-json\/wp\/v2\/media\/33130"}],"wp:attachment":[{"href":"http:\/\/shinyyoustationery.com\/fr\/wp-json\/wp\/v2\/media?parent=33129"}],"wp:term":[{"taxonomy":"product_brand","embeddable":true,"href":"http:\/\/shinyyoustationery.com\/fr\/wp-json\/wp\/v2\/product_brand?post=33129"},{"taxonomy":"product_cat","embeddable":true,"href":"http:\/\/shinyyoustationery.com\/fr\/wp-json\/wp\/v2\/product_cat?post=33129"},{"taxonomy":"product_tag","embeddable":true,"href":"http:\/\/shinyyoustationery.com\/fr\/wp-json\/wp\/v2\/product_tag?post=33129"}],"curies":[{"name":"wp","href":"https:\/\/api.w.org\/{rel}","templated":true}]}}