{"id":33132,"date":"2025-06-23T01:59:19","date_gmt":"2025-06-23T09:59:19","guid":{"rendered":"http:\/\/45.63.70.205\/?post_type=product&#038;p=33132"},"modified":"2025-07-03T20:03:54","modified_gmt":"2025-07-03T12:03:54","slug":"wholesale-custom-lemon-stationery-gift-set-perfect-for-school-office-desks-or-gifting","status":"publish","type":"product","link":"http:\/\/shinyyoustationery.com\/fr\/wholesale-custom-lemon-stationery-gift-set-perfect-for-school-office-desks-or-gifting\/","title":{"rendered":"Wholesale Custom Lemon Stationery Gift Set - Parfait pour l'\u00e9cole, les bureaux ou les cadeaux"},"content":{"rendered":"","protected":false},"excerpt":{"rendered":"<p>Egayez votre espace de travail ou surprenez quelqu'un de sp\u00e9cial avec ce joyeux set de papeterie sur le th\u00e8me du citron. Comprenant des trombones, des notes autocollantes, des blocs-notes, un stylo, des autocollants et une pochette \u00e0 crayons assortie, il est id\u00e9al pour organiser les t\u00e2ches, d\u00e9corer les notes ou ajouter de la fantaisie \u00e0 vos fournitures scolaires ou de bureau. Un ensemble vibrant et pratique pour la cr\u00e9ativit\u00e9 et la productivit\u00e9 au quotidien.<\/p>","protected":false},"featured_media":33134,"template":"","meta":[],"product_brand":[],"product_cat":[682,331],"product_tag":[],"class_list":{"0":"post-33132","1":"product","2":"type-product","3":"status-publish","4":"has-post-thumbnail","6":"product_cat-lemon-collection","7":"product_cat-stationery-set","9":"first","10":"instock","11":"shipping-taxable","12":"product-type-simple"},"_links":{"self":[{"href":"http:\/\/shinyyoustationery.com\/fr\/wp-json\/wp\/v2\/product\/33132","targetHints":{"allow":["GET"]}}],"collection":[{"href":"http:\/\/shinyyoustationery.com\/fr\/wp-json\/wp\/v2\/product"}],"about":[{"href":"http:\/\/shinyyoustationery.com\/fr\/wp-json\/wp\/v2\/types\/product"}],"version-history":[{"count":0,"href":"http:\/\/shinyyoustationery.com\/fr\/wp-json\/wp\/v2\/product\/33132\/revisions"}],"wp:featuredmedia":[{"embeddable":true,"href":"http:\/\/shinyyoustationery.com\/fr\/wp-json\/wp\/v2\/media\/33134"}],"wp:attachment":[{"href":"http:\/\/shinyyoustationery.com\/fr\/wp-json\/wp\/v2\/media?parent=33132"}],"wp:term":[{"taxonomy":"product_brand","embeddable":true,"href":"http:\/\/shinyyoustationery.com\/fr\/wp-json\/wp\/v2\/product_brand?post=33132"},{"taxonomy":"product_cat","embeddable":true,"href":"http:\/\/shinyyoustationery.com\/fr\/wp-json\/wp\/v2\/product_cat?post=33132"},{"taxonomy":"product_tag","embeddable":true,"href":"http:\/\/shinyyoustationery.com\/fr\/wp-json\/wp\/v2\/product_tag?post=33132"}],"curies":[{"name":"wp","href":"https:\/\/api.w.org\/{rel}","templated":true}]}}