{"id":33152,"date":"2025-06-23T02:35:34","date_gmt":"2025-06-23T10:35:34","guid":{"rendered":"http:\/\/45.63.70.205\/?post_type=product&#038;p=33152"},"modified":"2025-06-23T02:35:34","modified_gmt":"2025-06-23T10:35:34","slug":"wholesale-custom-a5-pu-hardcover-notebook-with-lemon-print-for-journaling-school-or-everyday-notes","status":"publish","type":"product","link":"http:\/\/shinyyoustationery.com\/fr\/wholesale-custom-a5-pu-hardcover-notebook-with-lemon-print-for-journaling-school-or-everyday-notes\/","title":{"rendered":"Cahier personnalis\u00e9 A5 en PU avec couverture rigide et impression citron pour le journal, l'\u00e9cole ou les notes de tous les jours"},"content":{"rendered":"","protected":false},"excerpt":{"rendered":"<p>Lumineux, audacieux et magnifiquement reli\u00e9, ce carnet A5 en PU \u00e0 couverture rigide est orn\u00e9 d'un joyeux motif de citron et d'une sangle s\u00e9curis\u00e9e \u00e0 fermeture par pression. Gr\u00e2ce \u00e0 sa couverture r\u00e9sistante et \u00e0 son format portable, il est parfait pour noter des id\u00e9es, des notes de cours, des r\u00e9flexions quotidiennes ou des listes de choses \u00e0 faire. Un compagnon frais et \u00e9l\u00e9gant pour votre bureau, votre sac ou votre sac \u00e0 dos.<\/p>","protected":false},"featured_media":33153,"template":"","meta":[],"product_brand":[],"product_cat":[667],"product_tag":[],"class_list":{"0":"post-33152","1":"product","2":"type-product","3":"status-publish","4":"has-post-thumbnail","6":"product_cat-hardcover-notebook","8":"first","9":"instock","10":"shipping-taxable","11":"product-type-simple"},"_links":{"self":[{"href":"http:\/\/shinyyoustationery.com\/fr\/wp-json\/wp\/v2\/product\/33152","targetHints":{"allow":["GET"]}}],"collection":[{"href":"http:\/\/shinyyoustationery.com\/fr\/wp-json\/wp\/v2\/product"}],"about":[{"href":"http:\/\/shinyyoustationery.com\/fr\/wp-json\/wp\/v2\/types\/product"}],"version-history":[{"count":0,"href":"http:\/\/shinyyoustationery.com\/fr\/wp-json\/wp\/v2\/product\/33152\/revisions"}],"wp:featuredmedia":[{"embeddable":true,"href":"http:\/\/shinyyoustationery.com\/fr\/wp-json\/wp\/v2\/media\/33153"}],"wp:attachment":[{"href":"http:\/\/shinyyoustationery.com\/fr\/wp-json\/wp\/v2\/media?parent=33152"}],"wp:term":[{"taxonomy":"product_brand","embeddable":true,"href":"http:\/\/shinyyoustationery.com\/fr\/wp-json\/wp\/v2\/product_brand?post=33152"},{"taxonomy":"product_cat","embeddable":true,"href":"http:\/\/shinyyoustationery.com\/fr\/wp-json\/wp\/v2\/product_cat?post=33152"},{"taxonomy":"product_tag","embeddable":true,"href":"http:\/\/shinyyoustationery.com\/fr\/wp-json\/wp\/v2\/product_tag?post=33152"}],"curies":[{"name":"wp","href":"https:\/\/api.w.org\/{rel}","templated":true}]}}