{"id":33156,"date":"2025-06-23T02:47:26","date_gmt":"2025-06-23T10:47:26","guid":{"rendered":"http:\/\/45.63.70.205\/?post_type=product&#038;p=33156"},"modified":"2025-06-23T02:47:26","modified_gmt":"2025-06-23T10:47:26","slug":"wholesale-custom-a6-lemon-shaped-spiral-notebook-fun-for-quick-notes-at-school-office","status":"publish","type":"product","link":"http:\/\/shinyyoustationery.com\/fr\/wholesale-custom-a6-lemon-shaped-spiral-notebook-fun-for-quick-notes-at-school-office\/","title":{"rendered":"Wholesale Custom A6 Lemon-Shaped Spiral Notebook - Fun for Quick Notes at School &amp; Office"},"content":{"rendered":"","protected":false},"excerpt":{"rendered":"<p>Ajoutez une touche piquante \u00e0 votre prise de notes avec ce carnet \u00e0 spirales A6 en forme de citron. Compact et l\u00e9ger, il est parfait pour noter des pens\u00e9es rapides, des rappels ou des id\u00e9es cr\u00e9atives, o\u00f9 que vous soyez. Avec son design lumineux et ses pages faciles \u00e0 feuilleter, c'est un joyeux compagnon pour les enfants, les \u00e9tudiants et tous ceux qui aiment les articles de papeterie uniques.<\/p>","protected":false},"featured_media":33157,"template":"","meta":[],"product_brand":[],"product_cat":[493,668],"product_tag":[],"class_list":{"0":"post-33156","1":"product","2":"type-product","3":"status-publish","4":"has-post-thumbnail","6":"product_cat-spiral-notebook","7":"product_cat-softcover-notebook","9":"first","10":"instock","11":"shipping-taxable","12":"product-type-simple"},"_links":{"self":[{"href":"http:\/\/shinyyoustationery.com\/fr\/wp-json\/wp\/v2\/product\/33156","targetHints":{"allow":["GET"]}}],"collection":[{"href":"http:\/\/shinyyoustationery.com\/fr\/wp-json\/wp\/v2\/product"}],"about":[{"href":"http:\/\/shinyyoustationery.com\/fr\/wp-json\/wp\/v2\/types\/product"}],"version-history":[{"count":0,"href":"http:\/\/shinyyoustationery.com\/fr\/wp-json\/wp\/v2\/product\/33156\/revisions"}],"wp:featuredmedia":[{"embeddable":true,"href":"http:\/\/shinyyoustationery.com\/fr\/wp-json\/wp\/v2\/media\/33157"}],"wp:attachment":[{"href":"http:\/\/shinyyoustationery.com\/fr\/wp-json\/wp\/v2\/media?parent=33156"}],"wp:term":[{"taxonomy":"product_brand","embeddable":true,"href":"http:\/\/shinyyoustationery.com\/fr\/wp-json\/wp\/v2\/product_brand?post=33156"},{"taxonomy":"product_cat","embeddable":true,"href":"http:\/\/shinyyoustationery.com\/fr\/wp-json\/wp\/v2\/product_cat?post=33156"},{"taxonomy":"product_tag","embeddable":true,"href":"http:\/\/shinyyoustationery.com\/fr\/wp-json\/wp\/v2\/product_tag?post=33156"}],"curies":[{"name":"wp","href":"https:\/\/api.w.org\/{rel}","templated":true}]}}