{"id":33163,"date":"2025-06-23T03:01:14","date_gmt":"2025-06-23T11:01:14","guid":{"rendered":"http:\/\/45.63.70.205\/?post_type=product&#038;p=33163"},"modified":"2025-06-23T03:01:14","modified_gmt":"2025-06-23T11:01:14","slug":"wholesale-custom-a6-softcover-notebook-for-ideas-lists-or-pocket-notes","status":"publish","type":"product","link":"http:\/\/shinyyoustationery.com\/fr\/wholesale-custom-a6-softcover-notebook-for-ideas-lists-or-pocket-notes\/","title":{"rendered":"Wholesale Custom A6 Softcover Notebook for Ideas, Lists, or Pocket Notes"},"content":{"rendered":"","protected":false},"excerpt":{"rendered":"<p>Inspirez les grandes id\u00e9es avec ce carnet A6 \u00e0 couverture souple et audacieuse, qui affiche un message stimulant : \"Pensez grand, \u00e9crivez plus grand\". Compact et color\u00e9, avec une couverture jaune citron et un dos bleu ciel, il est id\u00e9al pour noter des id\u00e9es, des t\u00e2ches quotidiennes ou des \u00e9lans cr\u00e9atifs en d\u00e9placement. Un petit carnet motivant qui se glisse parfaitement dans votre sac ou votre poche.<\/p>","protected":false},"featured_media":33164,"template":"","meta":[],"product_brand":[],"product_cat":[668,682],"product_tag":[],"class_list":{"0":"post-33163","1":"product","2":"type-product","3":"status-publish","4":"has-post-thumbnail","6":"product_cat-softcover-notebook","7":"product_cat-lemon-collection","9":"first","10":"instock","11":"shipping-taxable","12":"product-type-simple"},"_links":{"self":[{"href":"http:\/\/shinyyoustationery.com\/fr\/wp-json\/wp\/v2\/product\/33163","targetHints":{"allow":["GET"]}}],"collection":[{"href":"http:\/\/shinyyoustationery.com\/fr\/wp-json\/wp\/v2\/product"}],"about":[{"href":"http:\/\/shinyyoustationery.com\/fr\/wp-json\/wp\/v2\/types\/product"}],"version-history":[{"count":0,"href":"http:\/\/shinyyoustationery.com\/fr\/wp-json\/wp\/v2\/product\/33163\/revisions"}],"wp:featuredmedia":[{"embeddable":true,"href":"http:\/\/shinyyoustationery.com\/fr\/wp-json\/wp\/v2\/media\/33164"}],"wp:attachment":[{"href":"http:\/\/shinyyoustationery.com\/fr\/wp-json\/wp\/v2\/media?parent=33163"}],"wp:term":[{"taxonomy":"product_brand","embeddable":true,"href":"http:\/\/shinyyoustationery.com\/fr\/wp-json\/wp\/v2\/product_brand?post=33163"},{"taxonomy":"product_cat","embeddable":true,"href":"http:\/\/shinyyoustationery.com\/fr\/wp-json\/wp\/v2\/product_cat?post=33163"},{"taxonomy":"product_tag","embeddable":true,"href":"http:\/\/shinyyoustationery.com\/fr\/wp-json\/wp\/v2\/product_tag?post=33163"}],"curies":[{"name":"wp","href":"https:\/\/api.w.org\/{rel}","templated":true}]}}