{"id":33167,"date":"2025-06-23T03:08:06","date_gmt":"2025-06-23T11:08:06","guid":{"rendered":"http:\/\/45.63.70.205\/?post_type=product&#038;p=33167"},"modified":"2025-06-23T03:08:28","modified_gmt":"2025-06-23T11:08:28","slug":"wholesale-custom-a6-spiral-softcover-notebook-great-for-daily-notes-at-school-work-or-on-the-go","status":"publish","type":"product","link":"http:\/\/shinyyoustationery.com\/fr\/wholesale-custom-a6-spiral-softcover-notebook-great-for-daily-notes-at-school-work-or-on-the-go\/","title":{"rendered":"Wholesale Custom A6 Spiral Softcover Notebook Great for Daily Notes at School, Work, or On the Go"},"content":{"rendered":"","protected":false},"excerpt":{"rendered":"<p>Dites bonjour aux id\u00e9es fra\u00eeches avec ce joyeux carnet A6 \u00e0 couverture souple et \u00e0 spirale, orn\u00e9 de l'expression ludique \"Hello Lemon\". Dot\u00e9 d'une reliure m\u00e9tallique solide et d'un format compact et portable, il est parfait pour noter des pens\u00e9es rapides, des notes de cours ou des t\u00e2ches quotidiennes, o\u00f9 que vous soyez. Une addition lumineuse et rafra\u00eechissante \u00e0 toute collection de papeterie.<\/p>","protected":false},"featured_media":33169,"template":"","meta":[],"product_brand":[],"product_cat":[493,668],"product_tag":[],"class_list":{"0":"post-33167","1":"product","2":"type-product","3":"status-publish","4":"has-post-thumbnail","6":"product_cat-spiral-notebook","7":"product_cat-softcover-notebook","9":"first","10":"instock","11":"shipping-taxable","12":"product-type-simple"},"_links":{"self":[{"href":"http:\/\/shinyyoustationery.com\/fr\/wp-json\/wp\/v2\/product\/33167","targetHints":{"allow":["GET"]}}],"collection":[{"href":"http:\/\/shinyyoustationery.com\/fr\/wp-json\/wp\/v2\/product"}],"about":[{"href":"http:\/\/shinyyoustationery.com\/fr\/wp-json\/wp\/v2\/types\/product"}],"version-history":[{"count":0,"href":"http:\/\/shinyyoustationery.com\/fr\/wp-json\/wp\/v2\/product\/33167\/revisions"}],"wp:featuredmedia":[{"embeddable":true,"href":"http:\/\/shinyyoustationery.com\/fr\/wp-json\/wp\/v2\/media\/33169"}],"wp:attachment":[{"href":"http:\/\/shinyyoustationery.com\/fr\/wp-json\/wp\/v2\/media?parent=33167"}],"wp:term":[{"taxonomy":"product_brand","embeddable":true,"href":"http:\/\/shinyyoustationery.com\/fr\/wp-json\/wp\/v2\/product_brand?post=33167"},{"taxonomy":"product_cat","embeddable":true,"href":"http:\/\/shinyyoustationery.com\/fr\/wp-json\/wp\/v2\/product_cat?post=33167"},{"taxonomy":"product_tag","embeddable":true,"href":"http:\/\/shinyyoustationery.com\/fr\/wp-json\/wp\/v2\/product_tag?post=33167"}],"curies":[{"name":"wp","href":"https:\/\/api.w.org\/{rel}","templated":true}]}}