{"id":33173,"date":"2025-06-23T03:22:22","date_gmt":"2025-06-23T11:22:22","guid":{"rendered":"http:\/\/45.63.70.205\/?post_type=product&#038;p=33173"},"modified":"2025-06-23T03:22:22","modified_gmt":"2025-06-23T11:22:22","slug":"wholesale-custom-a6-spiral-notebook-for-work-study-or-daily-journaling","status":"publish","type":"product","link":"http:\/\/shinyyoustationery.com\/fr\/wholesale-custom-a6-spiral-notebook-for-work-study-or-daily-journaling\/","title":{"rendered":"Wholesale Custom A6 Spiral Notebook for Work, Study, or Daily Journaling (carnet \u00e0 spirales pour le travail, les \u00e9tudes ou le journal quotidien)"},"content":{"rendered":"","protected":false},"excerpt":{"rendered":"<p>Lib\u00e9rez vos grandes id\u00e9es avec ce carnet \u00e0 spirales A6 compact, au design audacieux avec une couverture jaune vibrante et la phrase motivante \"Think Big, Write Bigger\" (Pensez grand, \u00e9crivez grand). Son format pratique et sa solide reliure \u00e0 spirale en font l'outil id\u00e9al pour noter des notes, des objectifs ou des pens\u00e9es cr\u00e9atives, que vous soyez au bureau, en classe ou en d\u00e9placement. Un outil joyeux et inspirant pour la productivit\u00e9 quotidienne.<\/p>","protected":false},"featured_media":33174,"template":"","meta":[],"product_brand":[],"product_cat":[682,493],"product_tag":[],"class_list":{"0":"post-33173","1":"product","2":"type-product","3":"status-publish","4":"has-post-thumbnail","6":"product_cat-lemon-collection","7":"product_cat-spiral-notebook","9":"first","10":"instock","11":"shipping-taxable","12":"product-type-simple"},"_links":{"self":[{"href":"http:\/\/shinyyoustationery.com\/fr\/wp-json\/wp\/v2\/product\/33173","targetHints":{"allow":["GET"]}}],"collection":[{"href":"http:\/\/shinyyoustationery.com\/fr\/wp-json\/wp\/v2\/product"}],"about":[{"href":"http:\/\/shinyyoustationery.com\/fr\/wp-json\/wp\/v2\/types\/product"}],"version-history":[{"count":0,"href":"http:\/\/shinyyoustationery.com\/fr\/wp-json\/wp\/v2\/product\/33173\/revisions"}],"wp:featuredmedia":[{"embeddable":true,"href":"http:\/\/shinyyoustationery.com\/fr\/wp-json\/wp\/v2\/media\/33174"}],"wp:attachment":[{"href":"http:\/\/shinyyoustationery.com\/fr\/wp-json\/wp\/v2\/media?parent=33173"}],"wp:term":[{"taxonomy":"product_brand","embeddable":true,"href":"http:\/\/shinyyoustationery.com\/fr\/wp-json\/wp\/v2\/product_brand?post=33173"},{"taxonomy":"product_cat","embeddable":true,"href":"http:\/\/shinyyoustationery.com\/fr\/wp-json\/wp\/v2\/product_cat?post=33173"},{"taxonomy":"product_tag","embeddable":true,"href":"http:\/\/shinyyoustationery.com\/fr\/wp-json\/wp\/v2\/product_tag?post=33173"}],"curies":[{"name":"wp","href":"https:\/\/api.w.org\/{rel}","templated":true}]}}