{"id":33176,"date":"2025-06-23T03:31:35","date_gmt":"2025-06-23T11:31:35","guid":{"rendered":"http:\/\/45.63.70.205\/?post_type=product&#038;p=33176"},"modified":"2025-06-23T03:32:09","modified_gmt":"2025-06-23T11:32:09","slug":"wholesale-custom-a5-pu-hardcover-notebook-for-office-school-or-daily-goals","status":"publish","type":"product","link":"http:\/\/shinyyoustationery.com\/fr\/wholesale-custom-a5-pu-hardcover-notebook-for-office-school-or-daily-goals\/","title":{"rendered":"Cahier personnalis\u00e9 A5 en PU avec couverture rigide pour le bureau, l'\u00e9cole ou les objectifs quotidiens"},"content":{"rendered":"","protected":false},"excerpt":{"rendered":"<p data-start=\"231\" data-end=\"634\">Am\u00e9liorez votre exp\u00e9rience d'\u00e9criture avec cet \u00e9l\u00e9gant carnet A5 en PU \u00e0 couverture rigide dans une finition bleu aqua rafra\u00eechissante. Avec la phrase de motivation \"Think Big, Write Bigger\" et un \u00e9lastique jaune vif rehauss\u00e9 d'une breloque en forme de citron, ce carnet est aussi fonctionnel qu'accrocheur. Id\u00e9al pour tenir un journal, prendre des notes ou planifier au travail, \u00e0 l'\u00e9cole ou en d\u00e9placement.<\/p>","protected":false},"featured_media":33177,"template":"","meta":[],"product_brand":[],"product_cat":[667,682],"product_tag":[],"class_list":{"0":"post-33176","1":"product","2":"type-product","3":"status-publish","4":"has-post-thumbnail","6":"product_cat-hardcover-notebook","7":"product_cat-lemon-collection","9":"first","10":"instock","11":"shipping-taxable","12":"product-type-simple"},"_links":{"self":[{"href":"http:\/\/shinyyoustationery.com\/fr\/wp-json\/wp\/v2\/product\/33176","targetHints":{"allow":["GET"]}}],"collection":[{"href":"http:\/\/shinyyoustationery.com\/fr\/wp-json\/wp\/v2\/product"}],"about":[{"href":"http:\/\/shinyyoustationery.com\/fr\/wp-json\/wp\/v2\/types\/product"}],"version-history":[{"count":0,"href":"http:\/\/shinyyoustationery.com\/fr\/wp-json\/wp\/v2\/product\/33176\/revisions"}],"wp:featuredmedia":[{"embeddable":true,"href":"http:\/\/shinyyoustationery.com\/fr\/wp-json\/wp\/v2\/media\/33177"}],"wp:attachment":[{"href":"http:\/\/shinyyoustationery.com\/fr\/wp-json\/wp\/v2\/media?parent=33176"}],"wp:term":[{"taxonomy":"product_brand","embeddable":true,"href":"http:\/\/shinyyoustationery.com\/fr\/wp-json\/wp\/v2\/product_brand?post=33176"},{"taxonomy":"product_cat","embeddable":true,"href":"http:\/\/shinyyoustationery.com\/fr\/wp-json\/wp\/v2\/product_cat?post=33176"},{"taxonomy":"product_tag","embeddable":true,"href":"http:\/\/shinyyoustationery.com\/fr\/wp-json\/wp\/v2\/product_tag?post=33176"}],"curies":[{"name":"wp","href":"https:\/\/api.w.org\/{rel}","templated":true}]}}