{"id":33193,"date":"2025-06-23T17:55:38","date_gmt":"2025-06-24T01:55:38","guid":{"rendered":"http:\/\/45.63.70.205\/?post_type=product&#038;p=33193"},"modified":"2025-06-23T17:55:38","modified_gmt":"2025-06-24T01:55:38","slug":"wholesale-custom-a5-pu-hardcover-notebook-for-work-study-or-personal-goals","status":"publish","type":"product","link":"http:\/\/shinyyoustationery.com\/fr\/wholesale-custom-a5-pu-hardcover-notebook-for-work-study-or-personal-goals\/","title":{"rendered":"Carnet de notes A5 en PU \u00e0 couverture rigide pour le travail, les \u00e9tudes ou les objectifs personnels"},"content":{"rendered":"","protected":false},"excerpt":{"rendered":"<p>Entrez dans l'avenir avec cet \u00e9l\u00e9gant carnet A5 en PU \u00e0 couverture rigide, sur lequel figure le message inspirant \"\u00c9crire l'avenir\" en caract\u00e8res gras. Le charme vibrant du citron et la fermeture \u00e9lastique turquoise ajoutent une touche de couleur fra\u00eeche \u00e0 votre prise de notes quotidienne. Parfait pour tenir un journal, organiser ses pens\u00e9es ou fixer des objectifs personnels, ce carnet est id\u00e9al pour l'\u00e9cole, le travail ou l'usage personnel.<\/p>","protected":false},"featured_media":33194,"template":"","meta":[],"product_brand":[],"product_cat":[667,682],"product_tag":[],"class_list":{"0":"post-33193","1":"product","2":"type-product","3":"status-publish","4":"has-post-thumbnail","6":"product_cat-hardcover-notebook","7":"product_cat-lemon-collection","9":"first","10":"instock","11":"shipping-taxable","12":"product-type-simple"},"_links":{"self":[{"href":"http:\/\/shinyyoustationery.com\/fr\/wp-json\/wp\/v2\/product\/33193","targetHints":{"allow":["GET"]}}],"collection":[{"href":"http:\/\/shinyyoustationery.com\/fr\/wp-json\/wp\/v2\/product"}],"about":[{"href":"http:\/\/shinyyoustationery.com\/fr\/wp-json\/wp\/v2\/types\/product"}],"version-history":[{"count":0,"href":"http:\/\/shinyyoustationery.com\/fr\/wp-json\/wp\/v2\/product\/33193\/revisions"}],"wp:featuredmedia":[{"embeddable":true,"href":"http:\/\/shinyyoustationery.com\/fr\/wp-json\/wp\/v2\/media\/33194"}],"wp:attachment":[{"href":"http:\/\/shinyyoustationery.com\/fr\/wp-json\/wp\/v2\/media?parent=33193"}],"wp:term":[{"taxonomy":"product_brand","embeddable":true,"href":"http:\/\/shinyyoustationery.com\/fr\/wp-json\/wp\/v2\/product_brand?post=33193"},{"taxonomy":"product_cat","embeddable":true,"href":"http:\/\/shinyyoustationery.com\/fr\/wp-json\/wp\/v2\/product_cat?post=33193"},{"taxonomy":"product_tag","embeddable":true,"href":"http:\/\/shinyyoustationery.com\/fr\/wp-json\/wp\/v2\/product_tag?post=33193"}],"curies":[{"name":"wp","href":"https:\/\/api.w.org\/{rel}","templated":true}]}}