{"id":33198,"date":"2025-06-23T18:03:29","date_gmt":"2025-06-24T02:03:29","guid":{"rendered":"http:\/\/45.63.70.205\/?post_type=product&#038;p=33198"},"modified":"2025-06-23T18:03:29","modified_gmt":"2025-06-24T02:03:29","slug":"wholesale-custom-a5-spiral-notebook-for-school-work-or-creative-journaling","status":"publish","type":"product","link":"http:\/\/shinyyoustationery.com\/fr\/wholesale-custom-a5-spiral-notebook-for-school-work-or-creative-journaling\/","title":{"rendered":"Cahier \u00e0 spirales A5 personnalis\u00e9 pour l'\u00e9cole, le travail ou le journal cr\u00e9atif"},"content":{"rendered":"","protected":false},"excerpt":{"rendered":"<p>Egayez votre \u00e9criture avec cet amusant carnet \u00e0 spirales A5 qui pr\u00e9sente un motif de citron accrocheur sur un fond bleu rafra\u00eechissant. Son bord unique en forme de citron et sa reliure \u00e0 spirale durable en font un outil id\u00e9al pour l'\u00e9cole, le travail ou la tenue d'un journal personnel. Que vous preniez des notes, fassiez des listes de choses \u00e0 faire ou capturiez des id\u00e9es cr\u00e9atives, ce carnet ajoute une touche de couleur et de cr\u00e9ativit\u00e9 \u00e0 votre bureau.<\/p>","protected":false},"featured_media":33199,"template":"","meta":[],"product_brand":[],"product_cat":[682,493],"product_tag":[],"class_list":{"0":"post-33198","1":"product","2":"type-product","3":"status-publish","4":"has-post-thumbnail","6":"product_cat-lemon-collection","7":"product_cat-spiral-notebook","9":"first","10":"instock","11":"shipping-taxable","12":"product-type-simple"},"_links":{"self":[{"href":"http:\/\/shinyyoustationery.com\/fr\/wp-json\/wp\/v2\/product\/33198","targetHints":{"allow":["GET"]}}],"collection":[{"href":"http:\/\/shinyyoustationery.com\/fr\/wp-json\/wp\/v2\/product"}],"about":[{"href":"http:\/\/shinyyoustationery.com\/fr\/wp-json\/wp\/v2\/types\/product"}],"version-history":[{"count":0,"href":"http:\/\/shinyyoustationery.com\/fr\/wp-json\/wp\/v2\/product\/33198\/revisions"}],"wp:featuredmedia":[{"embeddable":true,"href":"http:\/\/shinyyoustationery.com\/fr\/wp-json\/wp\/v2\/media\/33199"}],"wp:attachment":[{"href":"http:\/\/shinyyoustationery.com\/fr\/wp-json\/wp\/v2\/media?parent=33198"}],"wp:term":[{"taxonomy":"product_brand","embeddable":true,"href":"http:\/\/shinyyoustationery.com\/fr\/wp-json\/wp\/v2\/product_brand?post=33198"},{"taxonomy":"product_cat","embeddable":true,"href":"http:\/\/shinyyoustationery.com\/fr\/wp-json\/wp\/v2\/product_cat?post=33198"},{"taxonomy":"product_tag","embeddable":true,"href":"http:\/\/shinyyoustationery.com\/fr\/wp-json\/wp\/v2\/product_tag?post=33198"}],"curies":[{"name":"wp","href":"https:\/\/api.w.org\/{rel}","templated":true}]}}