{"id":33207,"date":"2025-06-23T18:22:39","date_gmt":"2025-06-24T02:22:39","guid":{"rendered":"http:\/\/45.63.70.205\/?post_type=product&#038;p=33207"},"modified":"2025-06-23T18:22:39","modified_gmt":"2025-06-24T02:22:39","slug":"wholesale-custom-a5-spiral-notebook-bright-lemon-pattern-for-school-office","status":"publish","type":"product","link":"http:\/\/shinyyoustationery.com\/fr\/wholesale-custom-a5-spiral-notebook-bright-lemon-pattern-for-school-office\/","title":{"rendered":"Vente en gros de cahiers \u00e0 spirales A5 personnalis\u00e9s, motif citron vif, pour l'\u00e9cole et le bureau"},"content":{"rendered":"","protected":false},"excerpt":{"rendered":"<p>Ajoutez une touche de couleur \u00e0 vos notes gr\u00e2ce \u00e0 ce carnet \u00e0 spirales A5 qui pr\u00e9sente un motif citron audacieux et ludique sur un fond bleu frais. Le design vibrant est parfait pour noter des id\u00e9es, prendre des notes ou planifier des t\u00e2ches \u00e0 l'\u00e9cole, au travail ou \u00e0 la maison. Avec sa reliure \u00e0 spirale robuste et son design amusant, ce carnet est un compagnon id\u00e9al pour toute activit\u00e9 cr\u00e9ative ou organisationnelle.<\/p>","protected":false},"featured_media":33208,"template":"","meta":[],"product_brand":[],"product_cat":[682,493],"product_tag":[],"class_list":{"0":"post-33207","1":"product","2":"type-product","3":"status-publish","4":"has-post-thumbnail","6":"product_cat-lemon-collection","7":"product_cat-spiral-notebook","9":"first","10":"instock","11":"shipping-taxable","12":"product-type-simple"},"_links":{"self":[{"href":"http:\/\/shinyyoustationery.com\/fr\/wp-json\/wp\/v2\/product\/33207","targetHints":{"allow":["GET"]}}],"collection":[{"href":"http:\/\/shinyyoustationery.com\/fr\/wp-json\/wp\/v2\/product"}],"about":[{"href":"http:\/\/shinyyoustationery.com\/fr\/wp-json\/wp\/v2\/types\/product"}],"version-history":[{"count":0,"href":"http:\/\/shinyyoustationery.com\/fr\/wp-json\/wp\/v2\/product\/33207\/revisions"}],"wp:featuredmedia":[{"embeddable":true,"href":"http:\/\/shinyyoustationery.com\/fr\/wp-json\/wp\/v2\/media\/33208"}],"wp:attachment":[{"href":"http:\/\/shinyyoustationery.com\/fr\/wp-json\/wp\/v2\/media?parent=33207"}],"wp:term":[{"taxonomy":"product_brand","embeddable":true,"href":"http:\/\/shinyyoustationery.com\/fr\/wp-json\/wp\/v2\/product_brand?post=33207"},{"taxonomy":"product_cat","embeddable":true,"href":"http:\/\/shinyyoustationery.com\/fr\/wp-json\/wp\/v2\/product_cat?post=33207"},{"taxonomy":"product_tag","embeddable":true,"href":"http:\/\/shinyyoustationery.com\/fr\/wp-json\/wp\/v2\/product_tag?post=33207"}],"curies":[{"name":"wp","href":"https:\/\/api.w.org\/{rel}","templated":true}]}}