{"id":33211,"date":"2025-06-23T18:36:32","date_gmt":"2025-06-24T02:36:32","guid":{"rendered":"http:\/\/45.63.70.205\/?post_type=product&#038;p=33211"},"modified":"2025-08-13T05:31:50","modified_gmt":"2025-08-13T13:31:50","slug":"wholesale-custom-lemon-themed-whiteboard-with-pen-for-home-office-or-school","status":"publish","type":"product","link":"http:\/\/shinyyoustationery.com\/fr\/wholesale-custom-lemon-themed-whiteboard-with-pen-for-home-office-or-school\/","title":{"rendered":"Wholesale Custom Lemon-Themed Whiteboard with Pen for Home, Office, or School (Tableau blanc \u00e0 th\u00e8me citron avec stylo pour la maison, le bureau ou l'\u00e9cole)"},"content":{"rendered":"","protected":false},"excerpt":{"rendered":"<p>Organisez vos id\u00e9es gr\u00e2ce \u00e0 cet ensemble tableau blanc et stylo sur le th\u00e8me du citron. Dot\u00e9 d'une bordure jaune vif et d'un porte-marqueur pratique, ce tableau blanc compact est parfait pour noter des notes rapides, des rappels ou planifier des t\u00e2ches \u00e0 la maison, au bureau ou \u00e0 l'\u00e9cole. Son design l\u00e9ger permet de le suspendre facilement, et le marqueur inclus vous permet d'\u00eatre toujours pr\u00eat \u00e0 \u00e9crire.<\/p>","protected":false},"featured_media":33212,"template":"","meta":[],"product_brand":[],"product_cat":[682,454],"product_tag":[],"class_list":{"0":"post-33211","1":"product","2":"type-product","3":"status-publish","4":"has-post-thumbnail","6":"product_cat-lemon-collection","7":"product_cat-whiteboard","9":"first","10":"instock","11":"shipping-taxable","12":"product-type-simple"},"_links":{"self":[{"href":"http:\/\/shinyyoustationery.com\/fr\/wp-json\/wp\/v2\/product\/33211","targetHints":{"allow":["GET"]}}],"collection":[{"href":"http:\/\/shinyyoustationery.com\/fr\/wp-json\/wp\/v2\/product"}],"about":[{"href":"http:\/\/shinyyoustationery.com\/fr\/wp-json\/wp\/v2\/types\/product"}],"version-history":[{"count":0,"href":"http:\/\/shinyyoustationery.com\/fr\/wp-json\/wp\/v2\/product\/33211\/revisions"}],"wp:featuredmedia":[{"embeddable":true,"href":"http:\/\/shinyyoustationery.com\/fr\/wp-json\/wp\/v2\/media\/33212"}],"wp:attachment":[{"href":"http:\/\/shinyyoustationery.com\/fr\/wp-json\/wp\/v2\/media?parent=33211"}],"wp:term":[{"taxonomy":"product_brand","embeddable":true,"href":"http:\/\/shinyyoustationery.com\/fr\/wp-json\/wp\/v2\/product_brand?post=33211"},{"taxonomy":"product_cat","embeddable":true,"href":"http:\/\/shinyyoustationery.com\/fr\/wp-json\/wp\/v2\/product_cat?post=33211"},{"taxonomy":"product_tag","embeddable":true,"href":"http:\/\/shinyyoustationery.com\/fr\/wp-json\/wp\/v2\/product_tag?post=33211"}],"curies":[{"name":"wp","href":"https:\/\/api.w.org\/{rel}","templated":true}]}}