{"id":33220,"date":"2025-06-23T19:06:47","date_gmt":"2025-06-24T03:06:47","guid":{"rendered":"http:\/\/45.63.70.205\/?post_type=product&#038;p=33220"},"modified":"2025-07-07T15:31:16","modified_gmt":"2025-07-07T07:31:16","slug":"wholesale-custom-lemon-yellow-fun-triangle-shaped-fashion-bag","status":"publish","type":"product","link":"http:\/\/shinyyoustationery.com\/fr\/wholesale-custom-lemon-yellow-fun-triangle-shaped-fashion-bag\/","title":{"rendered":"Sac de mode en forme de triangle jaune citron personnalis\u00e9 en gros"},"content":{"rendered":"","protected":false},"excerpt":{"rendered":"<p>Illuminez votre journ\u00e9e avec ce sac mode unique en forme de triangle jaune citron. Avec sa couleur audacieuse et fra\u00eeche, ce sac est parfait pour ajouter une touche de gaiet\u00e9 \u00e0 n'importe quelle tenue. Dot\u00e9 d'un design \u00e9l\u00e9gant et d'une fermeture \u00e0 glissi\u00e8re pratique, il est id\u00e9al pour transporter vos essentiels avec style. Que vous sortiez pour une journ\u00e9e d\u00e9contract\u00e9e ou que vous souhaitiez simplement un accessoire amusant, ce sac jaune citron ne manquera pas de faire sensation.<\/p>","protected":false},"featured_media":33221,"template":"","meta":[],"product_brand":[],"product_cat":[682,533,537],"product_tag":[],"class_list":{"0":"post-33220","1":"product","2":"type-product","3":"status-publish","4":"has-post-thumbnail","6":"product_cat-lemon-collection","7":"product_cat-organizer-bag","8":"product_cat-cosmetic-bag","10":"first","11":"instock","12":"shipping-taxable","13":"product-type-simple"},"_links":{"self":[{"href":"http:\/\/shinyyoustationery.com\/fr\/wp-json\/wp\/v2\/product\/33220","targetHints":{"allow":["GET"]}}],"collection":[{"href":"http:\/\/shinyyoustationery.com\/fr\/wp-json\/wp\/v2\/product"}],"about":[{"href":"http:\/\/shinyyoustationery.com\/fr\/wp-json\/wp\/v2\/types\/product"}],"version-history":[{"count":0,"href":"http:\/\/shinyyoustationery.com\/fr\/wp-json\/wp\/v2\/product\/33220\/revisions"}],"wp:featuredmedia":[{"embeddable":true,"href":"http:\/\/shinyyoustationery.com\/fr\/wp-json\/wp\/v2\/media\/33221"}],"wp:attachment":[{"href":"http:\/\/shinyyoustationery.com\/fr\/wp-json\/wp\/v2\/media?parent=33220"}],"wp:term":[{"taxonomy":"product_brand","embeddable":true,"href":"http:\/\/shinyyoustationery.com\/fr\/wp-json\/wp\/v2\/product_brand?post=33220"},{"taxonomy":"product_cat","embeddable":true,"href":"http:\/\/shinyyoustationery.com\/fr\/wp-json\/wp\/v2\/product_cat?post=33220"},{"taxonomy":"product_tag","embeddable":true,"href":"http:\/\/shinyyoustationery.com\/fr\/wp-json\/wp\/v2\/product_tag?post=33220"}],"curies":[{"name":"wp","href":"https:\/\/api.w.org\/{rel}","templated":true}]}}