{"id":33224,"date":"2025-06-23T21:11:28","date_gmt":"2025-06-24T05:11:28","guid":{"rendered":"http:\/\/45.63.70.205\/?post_type=product&#038;p=33224"},"modified":"2025-07-07T15:20:40","modified_gmt":"2025-07-07T07:20:40","slug":"wholesale-custom-lemon-print-pencil-case-fun-spacious-and-stylish-for-school-or-office","status":"publish","type":"product","link":"http:\/\/shinyyoustationery.com\/fr\/wholesale-custom-lemon-print-pencil-case-fun-spacious-and-stylish-for-school-or-office\/","title":{"rendered":"Wholesale Custom Lemon Print Pencil Case Fun, Spacious, and Stylish for School or Office"},"content":{"rendered":"","protected":false},"excerpt":{"rendered":"<p>Egayez vos fournitures scolaires ou de bureau avec cette amusante trousse \u00e0 crayons imprim\u00e9e citron. Con\u00e7ue avec un fond turquoise vibrant et des citrons jaunes amusants, cette trousse \u00e0 crayons est aussi joyeuse que pratique. Son design spacieux vous permet d'organiser facilement vos stylos, crayons et autres articles de papeterie. Que vous soyez en classe ou au travail, cette trousse accrocheuse ajoute une touche de couleur \u00e0 vos accessoires quotidiens.<\/p>","protected":false},"featured_media":33226,"template":"","meta":[],"product_brand":[],"product_cat":[682,477,520],"product_tag":[],"class_list":{"0":"post-33224","1":"product","2":"type-product","3":"status-publish","4":"has-post-thumbnail","6":"product_cat-lemon-collection","7":"product_cat-school-bags","8":"product_cat-pencil-case-pouch","10":"first","11":"instock","12":"shipping-taxable","13":"product-type-simple"},"_links":{"self":[{"href":"http:\/\/shinyyoustationery.com\/fr\/wp-json\/wp\/v2\/product\/33224","targetHints":{"allow":["GET"]}}],"collection":[{"href":"http:\/\/shinyyoustationery.com\/fr\/wp-json\/wp\/v2\/product"}],"about":[{"href":"http:\/\/shinyyoustationery.com\/fr\/wp-json\/wp\/v2\/types\/product"}],"version-history":[{"count":0,"href":"http:\/\/shinyyoustationery.com\/fr\/wp-json\/wp\/v2\/product\/33224\/revisions"}],"wp:featuredmedia":[{"embeddable":true,"href":"http:\/\/shinyyoustationery.com\/fr\/wp-json\/wp\/v2\/media\/33226"}],"wp:attachment":[{"href":"http:\/\/shinyyoustationery.com\/fr\/wp-json\/wp\/v2\/media?parent=33224"}],"wp:term":[{"taxonomy":"product_brand","embeddable":true,"href":"http:\/\/shinyyoustationery.com\/fr\/wp-json\/wp\/v2\/product_brand?post=33224"},{"taxonomy":"product_cat","embeddable":true,"href":"http:\/\/shinyyoustationery.com\/fr\/wp-json\/wp\/v2\/product_cat?post=33224"},{"taxonomy":"product_tag","embeddable":true,"href":"http:\/\/shinyyoustationery.com\/fr\/wp-json\/wp\/v2\/product_tag?post=33224"}],"curies":[{"name":"wp","href":"https:\/\/api.w.org\/{rel}","templated":true}]}}