{"id":33229,"date":"2025-06-23T21:13:25","date_gmt":"2025-06-24T05:13:25","guid":{"rendered":"http:\/\/45.63.70.205\/?post_type=product&#038;p=33229"},"modified":"2025-07-07T15:20:33","modified_gmt":"2025-07-07T07:20:33","slug":"wholesale-custom-lemon-print-pencil-case-fun-and-practical-for-school-or-office","status":"publish","type":"product","link":"http:\/\/shinyyoustationery.com\/fr\/wholesale-custom-lemon-print-pencil-case-fun-and-practical-for-school-or-office\/","title":{"rendered":"Wholesale Custom Lemon Print Pencil Case Fun and Practical for School or Office (Bo\u00eete \u00e0 crayons imprim\u00e9e au citron, amusante et pratique pour l'\u00e9cole ou le bureau)"},"content":{"rendered":"","protected":false},"excerpt":{"rendered":"<p>Cette trousse \u00e0 crayons \u00e0 l'imprim\u00e9 citron vibrant apporte une touche de couleur \u00e0 vos objets de tous les jours. Avec sa couleur turquoise rafra\u00eechissante et son motif jaune citron ludique, cette trousse est \u00e0 la fois \u00e9l\u00e9gante et fonctionnelle. L'int\u00e9rieur spacieux permet de ranger stylos, crayons ou autres petits objets en toute s\u00e9curit\u00e9. Parfaite pour l'\u00e9cole, le travail ou les voyages, cette jolie trousse ajoute une touche de gaiet\u00e9 \u00e0 votre organisation.<\/p>","protected":false},"featured_media":33230,"template":"","meta":[],"product_brand":[],"product_cat":[682,520,477],"product_tag":[],"class_list":{"0":"post-33229","1":"product","2":"type-product","3":"status-publish","4":"has-post-thumbnail","6":"product_cat-lemon-collection","7":"product_cat-pencil-case-pouch","8":"product_cat-school-bags","10":"first","11":"instock","12":"shipping-taxable","13":"product-type-simple"},"_links":{"self":[{"href":"http:\/\/shinyyoustationery.com\/fr\/wp-json\/wp\/v2\/product\/33229","targetHints":{"allow":["GET"]}}],"collection":[{"href":"http:\/\/shinyyoustationery.com\/fr\/wp-json\/wp\/v2\/product"}],"about":[{"href":"http:\/\/shinyyoustationery.com\/fr\/wp-json\/wp\/v2\/types\/product"}],"version-history":[{"count":0,"href":"http:\/\/shinyyoustationery.com\/fr\/wp-json\/wp\/v2\/product\/33229\/revisions"}],"wp:featuredmedia":[{"embeddable":true,"href":"http:\/\/shinyyoustationery.com\/fr\/wp-json\/wp\/v2\/media\/33230"}],"wp:attachment":[{"href":"http:\/\/shinyyoustationery.com\/fr\/wp-json\/wp\/v2\/media?parent=33229"}],"wp:term":[{"taxonomy":"product_brand","embeddable":true,"href":"http:\/\/shinyyoustationery.com\/fr\/wp-json\/wp\/v2\/product_brand?post=33229"},{"taxonomy":"product_cat","embeddable":true,"href":"http:\/\/shinyyoustationery.com\/fr\/wp-json\/wp\/v2\/product_cat?post=33229"},{"taxonomy":"product_tag","embeddable":true,"href":"http:\/\/shinyyoustationery.com\/fr\/wp-json\/wp\/v2\/product_tag?post=33229"}],"curies":[{"name":"wp","href":"https:\/\/api.w.org\/{rel}","templated":true}]}}