{"id":33234,"date":"2025-06-23T21:25:10","date_gmt":"2025-06-24T05:25:10","guid":{"rendered":"http:\/\/45.63.70.205\/?post_type=product&#038;p=33234"},"modified":"2025-06-23T21:25:10","modified_gmt":"2025-06-24T05:25:10","slug":"wholesale-custom-neon-green-rubber-bands-versatile-and-durable-for-office-school-or-home","status":"publish","type":"product","link":"http:\/\/shinyyoustationery.com\/fr\/wholesale-custom-neon-green-rubber-bands-versatile-and-durable-for-office-school-or-home\/","title":{"rendered":"Grossiste Bandes en caoutchouc vert fluo personnalis\u00e9es Polyvalentes et durables pour le bureau, l'\u00e9cole ou la maison"},"content":{"rendered":"","protected":false},"excerpt":{"rendered":"<p>Ces \u00e9lastiques d'un vert fluo \u00e9clatant sont parfaits pour tous vos besoins d'organisation et de regroupement. Conditionn\u00e9s dans un pot transparent pratique, ils sont faciles \u00e0 ranger et \u00e0 consulter. Utilisez-les pour tenir les papiers, organiser la papeterie ou garder les petits objets ensemble \u00e0 la maison, \u00e0 l'\u00e9cole ou au bureau. Leur couleur n\u00e9on audacieuse ajoute une touche amusante et lumineuse \u00e0 votre espace de travail !<\/p>","protected":false},"featured_media":33235,"template":"","meta":[],"product_brand":[],"product_cat":[682,423],"product_tag":[],"class_list":{"0":"post-33234","1":"product","2":"type-product","3":"status-publish","4":"has-post-thumbnail","6":"product_cat-lemon-collection","7":"product_cat-rubber-band","9":"first","10":"instock","11":"shipping-taxable","12":"product-type-simple"},"_links":{"self":[{"href":"http:\/\/shinyyoustationery.com\/fr\/wp-json\/wp\/v2\/product\/33234","targetHints":{"allow":["GET"]}}],"collection":[{"href":"http:\/\/shinyyoustationery.com\/fr\/wp-json\/wp\/v2\/product"}],"about":[{"href":"http:\/\/shinyyoustationery.com\/fr\/wp-json\/wp\/v2\/types\/product"}],"version-history":[{"count":0,"href":"http:\/\/shinyyoustationery.com\/fr\/wp-json\/wp\/v2\/product\/33234\/revisions"}],"wp:featuredmedia":[{"embeddable":true,"href":"http:\/\/shinyyoustationery.com\/fr\/wp-json\/wp\/v2\/media\/33235"}],"wp:attachment":[{"href":"http:\/\/shinyyoustationery.com\/fr\/wp-json\/wp\/v2\/media?parent=33234"}],"wp:term":[{"taxonomy":"product_brand","embeddable":true,"href":"http:\/\/shinyyoustationery.com\/fr\/wp-json\/wp\/v2\/product_brand?post=33234"},{"taxonomy":"product_cat","embeddable":true,"href":"http:\/\/shinyyoustationery.com\/fr\/wp-json\/wp\/v2\/product_cat?post=33234"},{"taxonomy":"product_tag","embeddable":true,"href":"http:\/\/shinyyoustationery.com\/fr\/wp-json\/wp\/v2\/product_tag?post=33234"}],"curies":[{"name":"wp","href":"https:\/\/api.w.org\/{rel}","templated":true}]}}