{"id":33242,"date":"2025-06-23T21:56:04","date_gmt":"2025-06-24T05:56:04","guid":{"rendered":"http:\/\/45.63.70.205\/?post_type=product&#038;p=33242"},"modified":"2025-07-02T19:45:15","modified_gmt":"2025-07-02T11:45:15","slug":"wholesale-custom-lemon-highlighter-set-4-pack-in-soft-pastel-colors-for-school-or-office","status":"publish","type":"product","link":"http:\/\/shinyyoustationery.com\/fr\/wholesale-custom-lemon-highlighter-set-4-pack-in-soft-pastel-colors-for-school-or-office\/","title":{"rendered":"Wholesale Custom Lemon Highlighter Set 4-Pack in Soft Pastel Colors for School or Office (Jeu de surligneurs citron personnalis\u00e9s pour l'\u00e9cole ou le bureau)"},"content":{"rendered":"","protected":false},"excerpt":{"rendered":"<p>Surlignez avec style gr\u00e2ce \u00e0 ce paquet de 4 surligneurs pastel. Ces surligneurs aux nuances vibrantes de vert, de jaune et de bleu sont pr\u00e9sent\u00e9s dans un \u00e9tui transparent \u00e0 fermeture \u00e9clair avec un motif ludique en forme de citron. Parfaits pour l'\u00e9cole, le bureau ou les projets cr\u00e9atifs, ces surligneurs offrent des couleurs douces et vives pour vous aider \u00e0 marquer facilement des notes, des id\u00e9es ou des textes importants.<\/p>","protected":false},"featured_media":33243,"template":"","meta":[],"product_brand":[],"product_cat":[682,415,418],"product_tag":[],"class_list":{"0":"post-33242","1":"product","2":"type-product","3":"status-publish","4":"has-post-thumbnail","6":"product_cat-lemon-collection","7":"product_cat-pen","8":"product_cat-highlighter","10":"first","11":"instock","12":"shipping-taxable","13":"product-type-simple"},"_links":{"self":[{"href":"http:\/\/shinyyoustationery.com\/fr\/wp-json\/wp\/v2\/product\/33242","targetHints":{"allow":["GET"]}}],"collection":[{"href":"http:\/\/shinyyoustationery.com\/fr\/wp-json\/wp\/v2\/product"}],"about":[{"href":"http:\/\/shinyyoustationery.com\/fr\/wp-json\/wp\/v2\/types\/product"}],"version-history":[{"count":0,"href":"http:\/\/shinyyoustationery.com\/fr\/wp-json\/wp\/v2\/product\/33242\/revisions"}],"wp:featuredmedia":[{"embeddable":true,"href":"http:\/\/shinyyoustationery.com\/fr\/wp-json\/wp\/v2\/media\/33243"}],"wp:attachment":[{"href":"http:\/\/shinyyoustationery.com\/fr\/wp-json\/wp\/v2\/media?parent=33242"}],"wp:term":[{"taxonomy":"product_brand","embeddable":true,"href":"http:\/\/shinyyoustationery.com\/fr\/wp-json\/wp\/v2\/product_brand?post=33242"},{"taxonomy":"product_cat","embeddable":true,"href":"http:\/\/shinyyoustationery.com\/fr\/wp-json\/wp\/v2\/product_cat?post=33242"},{"taxonomy":"product_tag","embeddable":true,"href":"http:\/\/shinyyoustationery.com\/fr\/wp-json\/wp\/v2\/product_tag?post=33242"}],"curies":[{"name":"wp","href":"https:\/\/api.w.org\/{rel}","templated":true}]}}