{"id":33245,"date":"2025-06-23T22:05:21","date_gmt":"2025-06-24T06:05:21","guid":{"rendered":"http:\/\/45.63.70.205\/?post_type=product&#038;p=33245"},"modified":"2025-07-02T19:45:07","modified_gmt":"2025-07-02T11:45:07","slug":"wholesale-custom-lemon-pencil-stationery-set-of-vibrant-pencils-for-school-or-office","status":"publish","type":"product","link":"http:\/\/shinyyoustationery.com\/fr\/wholesale-custom-lemon-pencil-stationery-set-of-vibrant-pencils-for-school-or-office\/","title":{"rendered":"Wholesale Custom Lemon Pencil Stationery Set of Vibrant Pencils for School or Office (Set de crayons \u00e0 papier au citron pour l'\u00e9cole ou le bureau)"},"content":{"rendered":"","protected":false},"excerpt":{"rendered":"<p>Ajoutez une touche de couleur \u00e0 votre \u00e9criture gr\u00e2ce \u00e0 cette trousse de 4 \u00e0 6 crayons aux tons pastel de jaune, de vert et de gris. Pr\u00e9sent\u00e9s dans une jolie bo\u00eete sur le th\u00e8me du citron, ces crayons sont parfaits pour l'\u00e9cole, le travail ou les projets cr\u00e9atifs. Que vous fassiez des croquis, que vous \u00e9criviez ou que vous preniez des notes, ce set offre \u00e0 la fois style et fonctionnalit\u00e9.<\/p>","protected":false},"featured_media":33246,"template":"","meta":[],"product_brand":[],"product_cat":[682,331,415,416],"product_tag":[],"class_list":{"0":"post-33245","1":"product","2":"type-product","3":"status-publish","4":"has-post-thumbnail","6":"product_cat-lemon-collection","7":"product_cat-stationery-set","8":"product_cat-pen","9":"product_cat-pencil","11":"first","12":"instock","13":"shipping-taxable","14":"product-type-simple"},"_links":{"self":[{"href":"http:\/\/shinyyoustationery.com\/fr\/wp-json\/wp\/v2\/product\/33245","targetHints":{"allow":["GET"]}}],"collection":[{"href":"http:\/\/shinyyoustationery.com\/fr\/wp-json\/wp\/v2\/product"}],"about":[{"href":"http:\/\/shinyyoustationery.com\/fr\/wp-json\/wp\/v2\/types\/product"}],"version-history":[{"count":0,"href":"http:\/\/shinyyoustationery.com\/fr\/wp-json\/wp\/v2\/product\/33245\/revisions"}],"wp:featuredmedia":[{"embeddable":true,"href":"http:\/\/shinyyoustationery.com\/fr\/wp-json\/wp\/v2\/media\/33246"}],"wp:attachment":[{"href":"http:\/\/shinyyoustationery.com\/fr\/wp-json\/wp\/v2\/media?parent=33245"}],"wp:term":[{"taxonomy":"product_brand","embeddable":true,"href":"http:\/\/shinyyoustationery.com\/fr\/wp-json\/wp\/v2\/product_brand?post=33245"},{"taxonomy":"product_cat","embeddable":true,"href":"http:\/\/shinyyoustationery.com\/fr\/wp-json\/wp\/v2\/product_cat?post=33245"},{"taxonomy":"product_tag","embeddable":true,"href":"http:\/\/shinyyoustationery.com\/fr\/wp-json\/wp\/v2\/product_tag?post=33245"}],"curies":[{"name":"wp","href":"https:\/\/api.w.org\/{rel}","templated":true}]}}