{"id":33249,"date":"2025-06-23T22:11:09","date_gmt":"2025-06-24T06:11:09","guid":{"rendered":"http:\/\/45.63.70.205\/?post_type=product&#038;p=33249"},"modified":"2025-07-28T21:44:18","modified_gmt":"2025-07-29T05:44:18","slug":"wholesale-custom-lemon-scissors-and-tape-set-stylish-and-practical-for-school-or-office","status":"publish","type":"product","link":"http:\/\/shinyyoustationery.com\/fr\/wholesale-custom-lemon-scissors-and-tape-set-stylish-and-practical-for-school-or-office\/","title":{"rendered":"Wholesale Custom Lemon Scissors and Tape Set Stylish and Practical for School or Office (Jeu de ciseaux et de ruban adh\u00e9sif \u00e9l\u00e9gant et pratique pour l'\u00e9cole ou le bureau)"},"content":{"rendered":"","protected":false},"excerpt":{"rendered":"<p>D\u00e9coupez avec style gr\u00e2ce \u00e0 cet ensemble de ciseaux et de ruban adh\u00e9sif. Les ciseaux sont dot\u00e9s d'une poign\u00e9e jaune ludique avec un motif sur le th\u00e8me du citron, tandis que le ruban adh\u00e9sif inclus est pr\u00eat pour tous vos besoins en mati\u00e8re de bricolage, d'\u00e9cole ou de bureau. Pr\u00e9sent\u00e9 dans une amusante bo\u00eete imprim\u00e9e citron, cet ensemble est \u00e0 la fois fonctionnel et attrayant, parfait pour ajouter une touche de gaiet\u00e9 \u00e0 votre espace de travail.<\/p>","protected":false},"featured_media":33250,"template":"","meta":[],"product_brand":[],"product_cat":[682,397,425,331],"product_tag":[],"class_list":{"0":"post-33249","1":"product","2":"type-product","3":"status-publish","4":"has-post-thumbnail","6":"product_cat-lemon-collection","7":"product_cat-basic-office-stationery","8":"product_cat-scissor","9":"product_cat-stationery-set","11":"first","12":"instock","13":"shipping-taxable","14":"product-type-simple"},"_links":{"self":[{"href":"http:\/\/shinyyoustationery.com\/fr\/wp-json\/wp\/v2\/product\/33249","targetHints":{"allow":["GET"]}}],"collection":[{"href":"http:\/\/shinyyoustationery.com\/fr\/wp-json\/wp\/v2\/product"}],"about":[{"href":"http:\/\/shinyyoustationery.com\/fr\/wp-json\/wp\/v2\/types\/product"}],"version-history":[{"count":0,"href":"http:\/\/shinyyoustationery.com\/fr\/wp-json\/wp\/v2\/product\/33249\/revisions"}],"wp:featuredmedia":[{"embeddable":true,"href":"http:\/\/shinyyoustationery.com\/fr\/wp-json\/wp\/v2\/media\/33250"}],"wp:attachment":[{"href":"http:\/\/shinyyoustationery.com\/fr\/wp-json\/wp\/v2\/media?parent=33249"}],"wp:term":[{"taxonomy":"product_brand","embeddable":true,"href":"http:\/\/shinyyoustationery.com\/fr\/wp-json\/wp\/v2\/product_brand?post=33249"},{"taxonomy":"product_cat","embeddable":true,"href":"http:\/\/shinyyoustationery.com\/fr\/wp-json\/wp\/v2\/product_cat?post=33249"},{"taxonomy":"product_tag","embeddable":true,"href":"http:\/\/shinyyoustationery.com\/fr\/wp-json\/wp\/v2\/product_tag?post=33249"}],"curies":[{"name":"wp","href":"https:\/\/api.w.org\/{rel}","templated":true}]}}