{"id":33252,"date":"2025-06-23T22:30:09","date_gmt":"2025-06-24T06:30:09","guid":{"rendered":"http:\/\/45.63.70.205\/?post_type=product&#038;p=33252"},"modified":"2025-06-23T22:32:15","modified_gmt":"2025-06-24T06:32:15","slug":"wholesale-custom-colorful-glass-magnets-decorative-for-fridge-whiteboard-crafts","status":"publish","type":"product","link":"http:\/\/shinyyoustationery.com\/fr\/wholesale-custom-colorful-glass-magnets-decorative-for-fridge-whiteboard-crafts\/","title":{"rendered":"Wholesale Custom Colorful Glass Magnets - D\u00e9coratif pour le r\u00e9frig\u00e9rateur, le tableau blanc et l'artisanat"},"content":{"rendered":"","protected":false},"excerpt":{"rendered":"<p data-start=\"193\" data-end=\"576\">Am\u00e9liorez votre espace avec ces charmants aimants en forme de d\u00f4me en verre qui pr\u00e9sentent des motifs abstraits vibrants. Chaque aimant pr\u00e9sente une surface brillante et bomb\u00e9e qui amplifie magnifiquement les couleurs et les motifs sous-jacents. Ils sont parfaits pour d\u00e9corer les r\u00e9frig\u00e9rateurs, les tableaux blancs, les casiers ou pour cr\u00e9er des tableaux m\u00e9mo personnalis\u00e9s. Un accent charmant et fonctionnel pour la d\u00e9coration de la maison, du bureau ou de la salle de classe !<\/p>","protected":false},"featured_media":33253,"template":"","meta":[],"product_brand":[],"product_cat":[682,698],"product_tag":[],"class_list":{"0":"post-33252","1":"product","2":"type-product","3":"status-publish","4":"has-post-thumbnail","6":"product_cat-lemon-collection","7":"product_cat-magnets","9":"first","10":"instock","11":"shipping-taxable","12":"product-type-simple"},"_links":{"self":[{"href":"http:\/\/shinyyoustationery.com\/fr\/wp-json\/wp\/v2\/product\/33252","targetHints":{"allow":["GET"]}}],"collection":[{"href":"http:\/\/shinyyoustationery.com\/fr\/wp-json\/wp\/v2\/product"}],"about":[{"href":"http:\/\/shinyyoustationery.com\/fr\/wp-json\/wp\/v2\/types\/product"}],"version-history":[{"count":0,"href":"http:\/\/shinyyoustationery.com\/fr\/wp-json\/wp\/v2\/product\/33252\/revisions"}],"wp:featuredmedia":[{"embeddable":true,"href":"http:\/\/shinyyoustationery.com\/fr\/wp-json\/wp\/v2\/media\/33253"}],"wp:attachment":[{"href":"http:\/\/shinyyoustationery.com\/fr\/wp-json\/wp\/v2\/media?parent=33252"}],"wp:term":[{"taxonomy":"product_brand","embeddable":true,"href":"http:\/\/shinyyoustationery.com\/fr\/wp-json\/wp\/v2\/product_brand?post=33252"},{"taxonomy":"product_cat","embeddable":true,"href":"http:\/\/shinyyoustationery.com\/fr\/wp-json\/wp\/v2\/product_cat?post=33252"},{"taxonomy":"product_tag","embeddable":true,"href":"http:\/\/shinyyoustationery.com\/fr\/wp-json\/wp\/v2\/product_tag?post=33252"}],"curies":[{"name":"wp","href":"https:\/\/api.w.org\/{rel}","templated":true}]}}