{"id":33258,"date":"2025-06-23T22:43:13","date_gmt":"2025-06-24T06:43:13","guid":{"rendered":"http:\/\/45.63.70.205\/?post_type=product&#038;p=33258"},"modified":"2025-06-23T22:43:13","modified_gmt":"2025-06-24T06:43:13","slug":"wholesale-custom-bright-lemon-fruit-stickers-refresh-your-planners-journals-gifts-with-zesty-charm","status":"publish","type":"product","link":"http:\/\/shinyyoustationery.com\/fr\/wholesale-custom-bright-lemon-fruit-stickers-refresh-your-planners-journals-gifts-with-zesty-charm\/","title":{"rendered":"Wholesale Custom Bright Lemon Fruit Stickers Rafra\u00eechissez vos agendas, journaux et cadeaux avec un charme piquant"},"content":{"rendered":"","protected":false},"excerpt":{"rendered":"<p>Ajoutez une touche d'agrumes \u00e0 vos carnets, plannings, scrapbooks ou emballages cadeaux avec ces autocollants vibrants en forme de citron ! Dot\u00e9s d'une finition brillante et de couleurs vives, ils sont parfaits pour \u00e9gayer votre quotidien d'une touche de fra\u00eecheur et de gaiet\u00e9.<\/p>","protected":false},"featured_media":33259,"template":"","meta":[],"product_brand":[],"product_cat":[682,660],"product_tag":[],"class_list":{"0":"post-33258","1":"product","2":"type-product","3":"status-publish","4":"has-post-thumbnail","6":"product_cat-lemon-collection","7":"product_cat-sticker","9":"first","10":"instock","11":"shipping-taxable","12":"product-type-simple"},"_links":{"self":[{"href":"http:\/\/shinyyoustationery.com\/fr\/wp-json\/wp\/v2\/product\/33258","targetHints":{"allow":["GET"]}}],"collection":[{"href":"http:\/\/shinyyoustationery.com\/fr\/wp-json\/wp\/v2\/product"}],"about":[{"href":"http:\/\/shinyyoustationery.com\/fr\/wp-json\/wp\/v2\/types\/product"}],"version-history":[{"count":0,"href":"http:\/\/shinyyoustationery.com\/fr\/wp-json\/wp\/v2\/product\/33258\/revisions"}],"wp:featuredmedia":[{"embeddable":true,"href":"http:\/\/shinyyoustationery.com\/fr\/wp-json\/wp\/v2\/media\/33259"}],"wp:attachment":[{"href":"http:\/\/shinyyoustationery.com\/fr\/wp-json\/wp\/v2\/media?parent=33258"}],"wp:term":[{"taxonomy":"product_brand","embeddable":true,"href":"http:\/\/shinyyoustationery.com\/fr\/wp-json\/wp\/v2\/product_brand?post=33258"},{"taxonomy":"product_cat","embeddable":true,"href":"http:\/\/shinyyoustationery.com\/fr\/wp-json\/wp\/v2\/product_cat?post=33258"},{"taxonomy":"product_tag","embeddable":true,"href":"http:\/\/shinyyoustationery.com\/fr\/wp-json\/wp\/v2\/product_tag?post=33258"}],"curies":[{"name":"wp","href":"https:\/\/api.w.org\/{rel}","templated":true}]}}