{"id":33301,"date":"2025-06-24T00:35:51","date_gmt":"2025-06-24T08:35:51","guid":{"rendered":"http:\/\/45.63.70.205\/?post_type=product&#038;p=33301"},"modified":"2025-06-24T00:44:56","modified_gmt":"2025-06-24T08:44:56","slug":"wholesale-custom-eco-friendly-a4-stitched-notebook-perfect-for-daily-notes-sustainable-living","status":"publish","type":"product","link":"http:\/\/shinyyoustationery.com\/fr\/wholesale-custom-eco-friendly-a4-stitched-notebook-perfect-for-daily-notes-sustainable-living\/","title":{"rendered":"Cahier \u00e0 coutures \u00e9cologiques A4 en gros - Parfait pour les notes quotidiennes et le mode de vie durable"},"content":{"rendered":"","protected":false},"excerpt":{"rendered":"<p>Adoptez le d\u00e9veloppement durable avec ce carnet A4 \u00e0 couverture souple cousue, orn\u00e9 d'un motif vibrant \"Say No to Plastic\" (Dites non au plastique). Id\u00e9al pour tenir un journal, prendre des notes ou faire des croquis, ce carnet \u00e9cologique encourage un mode de vie sans plastique tout en ajoutant une touche de couleur \u00e0 votre espace de travail. Parfait pour ceux qui se soucient de l'environnement et veulent faire la diff\u00e9rence.<\/p>","protected":false},"featured_media":33303,"template":"","meta":[],"product_brand":[],"product_cat":[668,683],"product_tag":[],"class_list":{"0":"post-33301","1":"product","2":"type-product","3":"status-publish","4":"has-post-thumbnail","6":"product_cat-softcover-notebook","7":"product_cat-eco-friendly-collection","9":"first","10":"instock","11":"shipping-taxable","12":"product-type-simple"},"_links":{"self":[{"href":"http:\/\/shinyyoustationery.com\/fr\/wp-json\/wp\/v2\/product\/33301","targetHints":{"allow":["GET"]}}],"collection":[{"href":"http:\/\/shinyyoustationery.com\/fr\/wp-json\/wp\/v2\/product"}],"about":[{"href":"http:\/\/shinyyoustationery.com\/fr\/wp-json\/wp\/v2\/types\/product"}],"version-history":[{"count":0,"href":"http:\/\/shinyyoustationery.com\/fr\/wp-json\/wp\/v2\/product\/33301\/revisions"}],"wp:featuredmedia":[{"embeddable":true,"href":"http:\/\/shinyyoustationery.com\/fr\/wp-json\/wp\/v2\/media\/33303"}],"wp:attachment":[{"href":"http:\/\/shinyyoustationery.com\/fr\/wp-json\/wp\/v2\/media?parent=33301"}],"wp:term":[{"taxonomy":"product_brand","embeddable":true,"href":"http:\/\/shinyyoustationery.com\/fr\/wp-json\/wp\/v2\/product_brand?post=33301"},{"taxonomy":"product_cat","embeddable":true,"href":"http:\/\/shinyyoustationery.com\/fr\/wp-json\/wp\/v2\/product_cat?post=33301"},{"taxonomy":"product_tag","embeddable":true,"href":"http:\/\/shinyyoustationery.com\/fr\/wp-json\/wp\/v2\/product_tag?post=33301"}],"curies":[{"name":"wp","href":"https:\/\/api.w.org\/{rel}","templated":true}]}}