{"id":33307,"date":"2025-06-24T00:42:05","date_gmt":"2025-06-24T08:42:05","guid":{"rendered":"http:\/\/45.63.70.205\/?post_type=product&#038;p=33307"},"modified":"2025-06-24T00:44:29","modified_gmt":"2025-06-24T08:44:29","slug":"wholesale-custom-eco-friendly-a5-spiral-notebook-durable-hard-cover-for-everyday-use","status":"publish","type":"product","link":"http:\/\/shinyyoustationery.com\/fr\/wholesale-custom-eco-friendly-a5-spiral-notebook-durable-hard-cover-for-everyday-use\/","title":{"rendered":"Cahier \u00e0 spirales A5 \u00e9cologique - Couverture rigide durable pour un usage quotidien"},"content":{"rendered":"","protected":false},"excerpt":{"rendered":"<p>Ce carnet \u00e0 spirales A5 allie un design \u00e9l\u00e9gant et une grande durabilit\u00e9 \u00e0 une couverture rigide. Il est parfait pour le travail, l'\u00e9cole ou le journal personnel. Dot\u00e9 de la marque minimaliste \"nJUSTpaper\", il est id\u00e9al pour ceux qui appr\u00e9cient la qualit\u00e9 et la simplicit\u00e9. Que ce soit pour la prise de notes, les croquis ou la planification, ce carnet est votre r\u00e9f\u00e9rence en mati\u00e8re de performance et de style.<\/p>","protected":false},"featured_media":33308,"template":"","meta":[],"product_brand":[],"product_cat":[493,667,683],"product_tag":[],"class_list":{"0":"post-33307","1":"product","2":"type-product","3":"status-publish","4":"has-post-thumbnail","6":"product_cat-spiral-notebook","7":"product_cat-hardcover-notebook","8":"product_cat-eco-friendly-collection","10":"first","11":"instock","12":"shipping-taxable","13":"product-type-simple"},"_links":{"self":[{"href":"http:\/\/shinyyoustationery.com\/fr\/wp-json\/wp\/v2\/product\/33307","targetHints":{"allow":["GET"]}}],"collection":[{"href":"http:\/\/shinyyoustationery.com\/fr\/wp-json\/wp\/v2\/product"}],"about":[{"href":"http:\/\/shinyyoustationery.com\/fr\/wp-json\/wp\/v2\/types\/product"}],"version-history":[{"count":0,"href":"http:\/\/shinyyoustationery.com\/fr\/wp-json\/wp\/v2\/product\/33307\/revisions"}],"wp:featuredmedia":[{"embeddable":true,"href":"http:\/\/shinyyoustationery.com\/fr\/wp-json\/wp\/v2\/media\/33308"}],"wp:attachment":[{"href":"http:\/\/shinyyoustationery.com\/fr\/wp-json\/wp\/v2\/media?parent=33307"}],"wp:term":[{"taxonomy":"product_brand","embeddable":true,"href":"http:\/\/shinyyoustationery.com\/fr\/wp-json\/wp\/v2\/product_brand?post=33307"},{"taxonomy":"product_cat","embeddable":true,"href":"http:\/\/shinyyoustationery.com\/fr\/wp-json\/wp\/v2\/product_cat?post=33307"},{"taxonomy":"product_tag","embeddable":true,"href":"http:\/\/shinyyoustationery.com\/fr\/wp-json\/wp\/v2\/product_tag?post=33307"}],"curies":[{"name":"wp","href":"https:\/\/api.w.org\/{rel}","templated":true}]}}