{"id":33311,"date":"2025-06-24T00:48:00","date_gmt":"2025-06-24T08:48:00","guid":{"rendered":"http:\/\/45.63.70.205\/?post_type=product&#038;p=33311"},"modified":"2025-06-24T00:51:26","modified_gmt":"2025-06-24T08:51:26","slug":"wholesale-custom-a5-spiral-notebook-pencil-case-set-convenient-and-stylish-for-school-office","status":"publish","type":"product","link":"http:\/\/shinyyoustationery.com\/fr\/wholesale-custom-a5-spiral-notebook-pencil-case-set-convenient-and-stylish-for-school-office\/","title":{"rendered":"Wholesale Custom A5 Spiral Notebook &amp; Pencil Case Set - Pratique et \u00e9l\u00e9gant pour l'\u00e9cole et le bureau"},"content":{"rendered":"","protected":false},"excerpt":{"rendered":"<p>Ce carnet \u00e0 spirales A5 est livr\u00e9 avec une trousse \u00e0 crayons zipp\u00e9e int\u00e9gr\u00e9e, offrant la solution parfaite pour garder vos essentiels d'\u00e9criture organis\u00e9s. Id\u00e9al pour les \u00e9tudiants, les professionnels ou les cr\u00e9atifs, le design \u00e9l\u00e9gant \"nJUSTpaper\" et la couverture respectueuse de l'environnement font de cet ensemble un compl\u00e9ment pratique et \u00e0 la mode \u00e0 votre routine quotidienne. Conservez vos notes et vos outils dans un seul et m\u00eame ensemble \u00e9l\u00e9gant !<\/p>","protected":false},"featured_media":33312,"template":"","meta":[],"product_brand":[],"product_cat":[667,683,493],"product_tag":[],"class_list":{"0":"post-33311","1":"product","2":"type-product","3":"status-publish","4":"has-post-thumbnail","6":"product_cat-hardcover-notebook","7":"product_cat-eco-friendly-collection","8":"product_cat-spiral-notebook","10":"first","11":"instock","12":"shipping-taxable","13":"product-type-simple"},"_links":{"self":[{"href":"http:\/\/shinyyoustationery.com\/fr\/wp-json\/wp\/v2\/product\/33311","targetHints":{"allow":["GET"]}}],"collection":[{"href":"http:\/\/shinyyoustationery.com\/fr\/wp-json\/wp\/v2\/product"}],"about":[{"href":"http:\/\/shinyyoustationery.com\/fr\/wp-json\/wp\/v2\/types\/product"}],"version-history":[{"count":0,"href":"http:\/\/shinyyoustationery.com\/fr\/wp-json\/wp\/v2\/product\/33311\/revisions"}],"wp:featuredmedia":[{"embeddable":true,"href":"http:\/\/shinyyoustationery.com\/fr\/wp-json\/wp\/v2\/media\/33312"}],"wp:attachment":[{"href":"http:\/\/shinyyoustationery.com\/fr\/wp-json\/wp\/v2\/media?parent=33311"}],"wp:term":[{"taxonomy":"product_brand","embeddable":true,"href":"http:\/\/shinyyoustationery.com\/fr\/wp-json\/wp\/v2\/product_brand?post=33311"},{"taxonomy":"product_cat","embeddable":true,"href":"http:\/\/shinyyoustationery.com\/fr\/wp-json\/wp\/v2\/product_cat?post=33311"},{"taxonomy":"product_tag","embeddable":true,"href":"http:\/\/shinyyoustationery.com\/fr\/wp-json\/wp\/v2\/product_tag?post=33311"}],"curies":[{"name":"wp","href":"https:\/\/api.w.org\/{rel}","templated":true}]}}