{"id":33338,"date":"2025-06-24T01:20:33","date_gmt":"2025-06-24T09:20:33","guid":{"rendered":"http:\/\/45.63.70.205\/?post_type=product&#038;p=33338"},"modified":"2025-06-24T01:29:24","modified_gmt":"2025-06-24T09:29:24","slug":"wholesale-custom-eco-friendly-a5-hardcover-notebook-i-am-not-a-plastic-for-sustainable-work-or-study","status":"publish","type":"product","link":"http:\/\/shinyyoustationery.com\/fr\/wholesale-custom-eco-friendly-a5-hardcover-notebook-i-am-not-a-plastic-for-sustainable-work-or-study\/","title":{"rendered":"Cahier \u00e0 couverture rigide A5 \u00e9cologique - \"I AM NOT A PLASTIC\" pour le travail ou l'\u00e9tude durable."},"content":{"rendered":"","protected":false},"excerpt":{"rendered":"<p>Faites-vous remarquer avec ce carnet \u00e9cologique A5 \u00e0 couverture rigide portant le message \"JE NE SUIS PAS DU PLASTIQUE\". Fabriqu\u00e9e avec des mat\u00e9riaux respectueux de l'environnement, la couverture bleue symbolise la durabilit\u00e9, et l'\u00e9lastique de fermeture blanc assure la s\u00e9curit\u00e9 de vos notes. Parfait pour le travail, l'\u00e9cole ou la tenue d'un journal personnel, ce carnet est id\u00e9al pour tous ceux qui cherchent \u00e0 r\u00e9duire les d\u00e9chets plastiques tout en restant organis\u00e9s.<\/p>","protected":false},"featured_media":33322,"template":"","meta":[],"product_brand":[],"product_cat":[387,494,667,683],"product_tag":[],"class_list":{"0":"post-33338","1":"product","2":"type-product","3":"status-publish","4":"has-post-thumbnail","6":"product_cat-notebooks-journals","7":"product_cat-composition-notebook","8":"product_cat-hardcover-notebook","9":"product_cat-eco-friendly-collection","11":"first","12":"instock","13":"shipping-taxable","14":"product-type-simple"},"_links":{"self":[{"href":"http:\/\/shinyyoustationery.com\/fr\/wp-json\/wp\/v2\/product\/33338","targetHints":{"allow":["GET"]}}],"collection":[{"href":"http:\/\/shinyyoustationery.com\/fr\/wp-json\/wp\/v2\/product"}],"about":[{"href":"http:\/\/shinyyoustationery.com\/fr\/wp-json\/wp\/v2\/types\/product"}],"version-history":[{"count":0,"href":"http:\/\/shinyyoustationery.com\/fr\/wp-json\/wp\/v2\/product\/33338\/revisions"}],"wp:featuredmedia":[{"embeddable":true,"href":"http:\/\/shinyyoustationery.com\/fr\/wp-json\/wp\/v2\/media\/33322"}],"wp:attachment":[{"href":"http:\/\/shinyyoustationery.com\/fr\/wp-json\/wp\/v2\/media?parent=33338"}],"wp:term":[{"taxonomy":"product_brand","embeddable":true,"href":"http:\/\/shinyyoustationery.com\/fr\/wp-json\/wp\/v2\/product_brand?post=33338"},{"taxonomy":"product_cat","embeddable":true,"href":"http:\/\/shinyyoustationery.com\/fr\/wp-json\/wp\/v2\/product_cat?post=33338"},{"taxonomy":"product_tag","embeddable":true,"href":"http:\/\/shinyyoustationery.com\/fr\/wp-json\/wp\/v2\/product_tag?post=33338"}],"curies":[{"name":"wp","href":"https:\/\/api.w.org\/{rel}","templated":true}]}}