{"id":33340,"date":"2025-06-24T01:30:57","date_gmt":"2025-06-24T09:30:57","guid":{"rendered":"http:\/\/45.63.70.205\/?post_type=product&#038;p=33340"},"modified":"2025-06-24T01:38:47","modified_gmt":"2025-06-24T09:38:47","slug":"wholesale-custom-eco-friendly-a5-softcover-notebook-blue-with-speech-bubbles-for-school-or-office","status":"publish","type":"product","link":"http:\/\/shinyyoustationery.com\/fr\/wholesale-custom-eco-friendly-a5-softcover-notebook-blue-with-speech-bubbles-for-school-or-office\/","title":{"rendered":"Cahier A5 \u00e0 couverture souple bleu avec bulles de texte pour l'\u00e9cole ou le bureau"},"content":{"rendered":"","protected":false},"excerpt":{"rendered":"<p>Ajoutez une touche ludique \u00e0 votre \u00e9criture avec ce carnet A5 \u00e0 couverture souple, con\u00e7u avec des motifs de bulles vibrantes en marron sur un fond bleu riche. Parfait pour tenir un journal, prendre des notes ou lancer des id\u00e9es, ce carnet offre beaucoup d'espace pour vos pens\u00e9es. Son design unique lui conf\u00e8re du caract\u00e8re, ce qui en fait un accessoire amusant et fonctionnel pour les \u00e9tudiants, les professionnels et tous ceux qui aiment \u00e9crire de mani\u00e8re cr\u00e9ative.<\/p>","protected":false},"featured_media":33324,"template":"","meta":[],"product_brand":[],"product_cat":[387,494,667,683],"product_tag":[],"class_list":{"0":"post-33340","1":"product","2":"type-product","3":"status-publish","4":"has-post-thumbnail","6":"product_cat-notebooks-journals","7":"product_cat-composition-notebook","8":"product_cat-hardcover-notebook","9":"product_cat-eco-friendly-collection","11":"first","12":"instock","13":"shipping-taxable","14":"product-type-simple"},"_links":{"self":[{"href":"http:\/\/shinyyoustationery.com\/fr\/wp-json\/wp\/v2\/product\/33340","targetHints":{"allow":["GET"]}}],"collection":[{"href":"http:\/\/shinyyoustationery.com\/fr\/wp-json\/wp\/v2\/product"}],"about":[{"href":"http:\/\/shinyyoustationery.com\/fr\/wp-json\/wp\/v2\/types\/product"}],"version-history":[{"count":0,"href":"http:\/\/shinyyoustationery.com\/fr\/wp-json\/wp\/v2\/product\/33340\/revisions"}],"wp:featuredmedia":[{"embeddable":true,"href":"http:\/\/shinyyoustationery.com\/fr\/wp-json\/wp\/v2\/media\/33324"}],"wp:attachment":[{"href":"http:\/\/shinyyoustationery.com\/fr\/wp-json\/wp\/v2\/media?parent=33340"}],"wp:term":[{"taxonomy":"product_brand","embeddable":true,"href":"http:\/\/shinyyoustationery.com\/fr\/wp-json\/wp\/v2\/product_brand?post=33340"},{"taxonomy":"product_cat","embeddable":true,"href":"http:\/\/shinyyoustationery.com\/fr\/wp-json\/wp\/v2\/product_cat?post=33340"},{"taxonomy":"product_tag","embeddable":true,"href":"http:\/\/shinyyoustationery.com\/fr\/wp-json\/wp\/v2\/product_tag?post=33340"}],"curies":[{"name":"wp","href":"https:\/\/api.w.org\/{rel}","templated":true}]}}