{"id":33344,"date":"2025-06-24T01:40:50","date_gmt":"2025-06-24T09:40:50","guid":{"rendered":"http:\/\/45.63.70.205\/?post_type=product&#038;p=33344"},"modified":"2025-06-24T01:43:27","modified_gmt":"2025-06-24T09:43:27","slug":"wholesale-custom-a5-cork-hardcover-notebook-nature-inspired-design-for-eco-friendly-journaling","status":"publish","type":"product","link":"http:\/\/shinyyoustationery.com\/fr\/wholesale-custom-a5-cork-hardcover-notebook-nature-inspired-design-for-eco-friendly-journaling\/","title":{"rendered":"Cahier \u00e0 couverture rigide en li\u00e8ge A5 personnalis\u00e9 Cahier \u00e0 couverture rigide en li\u00e8ge A5 \u00e0 couverture rigide en li\u00e8ge A5 \u00e0 couverture rigide en li\u00e8ge A5 \u00e0 couverture rigide en li\u00e8ge A5 \u00e0 couverture rigide en li\u00e8ge"},"content":{"rendered":"","protected":false},"excerpt":{"rendered":"<p>Ce carnet A5 en li\u00e8ge \u00e0 couverture rigide pr\u00e9sente un \u00e9l\u00e9gant design inspir\u00e9 de la nature, avec de d\u00e9licates illustrations blanches de fleurs et de libellules sur un riche fond de li\u00e8ge. Parfait pour les personnes soucieuses de l'environnement, il offre une mani\u00e8re durable et \u00e9l\u00e9gante de consigner vos pens\u00e9es, vos id\u00e9es ou vos notes. Qu'il s'agisse de tenir un journal, de faire des croquis ou de s'organiser, ce carnet unique ajoute une touche de nature \u00e0 votre travail ou \u00e0 vos projets personnels.<\/p>","protected":false},"featured_media":33328,"template":"","meta":[],"product_brand":[],"product_cat":[387,494,667,683],"product_tag":[],"class_list":{"0":"post-33344","1":"product","2":"type-product","3":"status-publish","4":"has-post-thumbnail","6":"product_cat-notebooks-journals","7":"product_cat-composition-notebook","8":"product_cat-hardcover-notebook","9":"product_cat-eco-friendly-collection","11":"first","12":"instock","13":"shipping-taxable","14":"product-type-simple"},"_links":{"self":[{"href":"http:\/\/shinyyoustationery.com\/fr\/wp-json\/wp\/v2\/product\/33344","targetHints":{"allow":["GET"]}}],"collection":[{"href":"http:\/\/shinyyoustationery.com\/fr\/wp-json\/wp\/v2\/product"}],"about":[{"href":"http:\/\/shinyyoustationery.com\/fr\/wp-json\/wp\/v2\/types\/product"}],"version-history":[{"count":0,"href":"http:\/\/shinyyoustationery.com\/fr\/wp-json\/wp\/v2\/product\/33344\/revisions"}],"wp:featuredmedia":[{"embeddable":true,"href":"http:\/\/shinyyoustationery.com\/fr\/wp-json\/wp\/v2\/media\/33328"}],"wp:attachment":[{"href":"http:\/\/shinyyoustationery.com\/fr\/wp-json\/wp\/v2\/media?parent=33344"}],"wp:term":[{"taxonomy":"product_brand","embeddable":true,"href":"http:\/\/shinyyoustationery.com\/fr\/wp-json\/wp\/v2\/product_brand?post=33344"},{"taxonomy":"product_cat","embeddable":true,"href":"http:\/\/shinyyoustationery.com\/fr\/wp-json\/wp\/v2\/product_cat?post=33344"},{"taxonomy":"product_tag","embeddable":true,"href":"http:\/\/shinyyoustationery.com\/fr\/wp-json\/wp\/v2\/product_tag?post=33344"}],"curies":[{"name":"wp","href":"https:\/\/api.w.org\/{rel}","templated":true}]}}