{"id":33350,"date":"2025-06-24T02:17:11","date_gmt":"2025-06-24T10:17:11","guid":{"rendered":"http:\/\/45.63.70.205\/?post_type=product&#038;p=33350"},"modified":"2025-06-24T02:29:11","modified_gmt":"2025-06-24T10:29:11","slug":"wholesale-custom-a5-pu-hardcover-notebook-elegant-wheat-with-strap-closure-for-office-school","status":"publish","type":"product","link":"http:\/\/shinyyoustationery.com\/fr\/wholesale-custom-a5-pu-hardcover-notebook-elegant-wheat-with-strap-closure-for-office-school\/","title":{"rendered":"Wholesale Custom A5 PU Hardcover Notebook Elegant Wheat with Strap Closure for Office &amp; School"},"content":{"rendered":"","protected":false},"excerpt":{"rendered":"<p>Ce carnet A5 en PU \u00e0 couverture rigide pr\u00e9sente un magnifique design en forme de tige de bl\u00e9, une couverture beige douce et une fermeture \u00e0 sangle pratique pour plus de s\u00e9curit\u00e9. Son aspect \u00e9l\u00e9gant le rend id\u00e9al pour les professionnels, les \u00e9tudiants et tous ceux qui appr\u00e9cient une exp\u00e9rience d'\u00e9criture sophistiqu\u00e9e. Que vous l'utilisiez pour le travail, l'\u00e9tude ou la r\u00e9daction d'un journal personnel, ce carnet durable offre l'espace id\u00e9al pour vos pens\u00e9es, vos notes et vos id\u00e9es cr\u00e9atives.<\/p>","protected":false},"featured_media":33336,"template":"","meta":[],"product_brand":[],"product_cat":[387,494,667,683],"product_tag":[],"class_list":{"0":"post-33350","1":"product","2":"type-product","3":"status-publish","4":"has-post-thumbnail","6":"product_cat-notebooks-journals","7":"product_cat-composition-notebook","8":"product_cat-hardcover-notebook","9":"product_cat-eco-friendly-collection","11":"first","12":"instock","13":"shipping-taxable","14":"product-type-simple"},"_links":{"self":[{"href":"http:\/\/shinyyoustationery.com\/fr\/wp-json\/wp\/v2\/product\/33350","targetHints":{"allow":["GET"]}}],"collection":[{"href":"http:\/\/shinyyoustationery.com\/fr\/wp-json\/wp\/v2\/product"}],"about":[{"href":"http:\/\/shinyyoustationery.com\/fr\/wp-json\/wp\/v2\/types\/product"}],"version-history":[{"count":0,"href":"http:\/\/shinyyoustationery.com\/fr\/wp-json\/wp\/v2\/product\/33350\/revisions"}],"wp:featuredmedia":[{"embeddable":true,"href":"http:\/\/shinyyoustationery.com\/fr\/wp-json\/wp\/v2\/media\/33336"}],"wp:attachment":[{"href":"http:\/\/shinyyoustationery.com\/fr\/wp-json\/wp\/v2\/media?parent=33350"}],"wp:term":[{"taxonomy":"product_brand","embeddable":true,"href":"http:\/\/shinyyoustationery.com\/fr\/wp-json\/wp\/v2\/product_brand?post=33350"},{"taxonomy":"product_cat","embeddable":true,"href":"http:\/\/shinyyoustationery.com\/fr\/wp-json\/wp\/v2\/product_cat?post=33350"},{"taxonomy":"product_tag","embeddable":true,"href":"http:\/\/shinyyoustationery.com\/fr\/wp-json\/wp\/v2\/product_tag?post=33350"}],"curies":[{"name":"wp","href":"https:\/\/api.w.org\/{rel}","templated":true}]}}