{"id":33378,"date":"2025-06-24T03:43:59","date_gmt":"2025-06-24T11:43:59","guid":{"rendered":"http:\/\/45.63.70.205\/?post_type=product&#038;p=33378"},"modified":"2025-06-24T03:43:59","modified_gmt":"2025-06-24T11:43:59","slug":"mike-wazowski-plush-keychain-cute-green-monster-for-bags-backpacks-or-keys","status":"publish","type":"product","link":"http:\/\/shinyyoustationery.com\/fr\/mike-wazowski-plush-keychain-cute-green-monster-for-bags-backpacks-or-keys\/","title":{"rendered":"Porte-cl\u00e9s en peluche Mike Wazowski - Monstre vert mignon pour sacs, sacs \u00e0 dos ou cl\u00e9s"},"content":{"rendered":"","protected":false},"excerpt":{"rendered":"<p>Emportez une partie de plaisir avec ce porte-cl\u00e9s en peluche Mike Wazowski ! Ce monstre d'un vert \u00e9clatant de <em data-start=\"209\" data-end=\"225\">Monstres, Inc.<\/em> est dot\u00e9 de son \u0153il unique embl\u00e9matique et de son sourire malicieux, ce qui en fait l'accessoire parfait pour vos cl\u00e9s, vos sacs ou vos sacs \u00e0 dos. Doux et adorable, ce porte-cl\u00e9s est indispensable aux fans du film ou \u00e0 tous ceux qui aiment les accessoires mignons et ludiques.<\/p>","protected":false},"featured_media":33379,"template":"","meta":[],"product_brand":[],"product_cat":[383],"product_tag":[],"class_list":{"0":"post-33378","1":"product","2":"type-product","3":"status-publish","4":"has-post-thumbnail","6":"product_cat-licensed-stationery-supplier","8":"first","9":"instock","10":"shipping-taxable","11":"product-type-simple"},"_links":{"self":[{"href":"http:\/\/shinyyoustationery.com\/fr\/wp-json\/wp\/v2\/product\/33378","targetHints":{"allow":["GET"]}}],"collection":[{"href":"http:\/\/shinyyoustationery.com\/fr\/wp-json\/wp\/v2\/product"}],"about":[{"href":"http:\/\/shinyyoustationery.com\/fr\/wp-json\/wp\/v2\/types\/product"}],"version-history":[{"count":0,"href":"http:\/\/shinyyoustationery.com\/fr\/wp-json\/wp\/v2\/product\/33378\/revisions"}],"wp:featuredmedia":[{"embeddable":true,"href":"http:\/\/shinyyoustationery.com\/fr\/wp-json\/wp\/v2\/media\/33379"}],"wp:attachment":[{"href":"http:\/\/shinyyoustationery.com\/fr\/wp-json\/wp\/v2\/media?parent=33378"}],"wp:term":[{"taxonomy":"product_brand","embeddable":true,"href":"http:\/\/shinyyoustationery.com\/fr\/wp-json\/wp\/v2\/product_brand?post=33378"},{"taxonomy":"product_cat","embeddable":true,"href":"http:\/\/shinyyoustationery.com\/fr\/wp-json\/wp\/v2\/product_cat?post=33378"},{"taxonomy":"product_tag","embeddable":true,"href":"http:\/\/shinyyoustationery.com\/fr\/wp-json\/wp\/v2\/product_tag?post=33378"}],"curies":[{"name":"wp","href":"https:\/\/api.w.org\/{rel}","templated":true}]}}