{"id":33385,"date":"2025-06-24T03:48:31","date_gmt":"2025-06-24T11:48:31","guid":{"rendered":"http:\/\/45.63.70.205\/?post_type=product&#038;p=33385"},"modified":"2025-06-24T03:48:31","modified_gmt":"2025-06-24T11:48:31","slug":"disney-princess-coloring-set-8-pages-with-crayons-and-stickers-for-creative-play","status":"publish","type":"product","link":"http:\/\/shinyyoustationery.com\/fr\/disney-princess-coloring-set-8-pages-with-crayons-and-stickers-for-creative-play\/","title":{"rendered":"Disney Jeu de coloriage de princesse - 8 pages avec des crayons et des autocollants pour un jeu cr\u00e9atif"},"content":{"rendered":"","protected":false},"excerpt":{"rendered":"<p>Lib\u00e9rez votre cr\u00e9ativit\u00e9 avec ce set de coloriage Disney Princesse ! Avec des personnages embl\u00e9matiques comme Belle, Cendrillon et Blanche-Neige, ce set comprend 8 pages \u00e0 colorier, des crayons de couleurs vari\u00e9es et des autocollants amusants sur le th\u00e8me des princesses. Parfait pour les jeunes artistes, ce set offre des heures de divertissement tout en donnant vie \u00e0 ces personnages Disney bien-aim\u00e9s dans votre propre style.<\/p>","protected":false},"featured_media":33386,"template":"","meta":[],"product_brand":[],"product_cat":[383],"product_tag":[],"class_list":{"0":"post-33385","1":"product","2":"type-product","3":"status-publish","4":"has-post-thumbnail","6":"product_cat-licensed-stationery-supplier","8":"first","9":"instock","10":"shipping-taxable","11":"product-type-simple"},"_links":{"self":[{"href":"http:\/\/shinyyoustationery.com\/fr\/wp-json\/wp\/v2\/product\/33385","targetHints":{"allow":["GET"]}}],"collection":[{"href":"http:\/\/shinyyoustationery.com\/fr\/wp-json\/wp\/v2\/product"}],"about":[{"href":"http:\/\/shinyyoustationery.com\/fr\/wp-json\/wp\/v2\/types\/product"}],"version-history":[{"count":0,"href":"http:\/\/shinyyoustationery.com\/fr\/wp-json\/wp\/v2\/product\/33385\/revisions"}],"wp:featuredmedia":[{"embeddable":true,"href":"http:\/\/shinyyoustationery.com\/fr\/wp-json\/wp\/v2\/media\/33386"}],"wp:attachment":[{"href":"http:\/\/shinyyoustationery.com\/fr\/wp-json\/wp\/v2\/media?parent=33385"}],"wp:term":[{"taxonomy":"product_brand","embeddable":true,"href":"http:\/\/shinyyoustationery.com\/fr\/wp-json\/wp\/v2\/product_brand?post=33385"},{"taxonomy":"product_cat","embeddable":true,"href":"http:\/\/shinyyoustationery.com\/fr\/wp-json\/wp\/v2\/product_cat?post=33385"},{"taxonomy":"product_tag","embeddable":true,"href":"http:\/\/shinyyoustationery.com\/fr\/wp-json\/wp\/v2\/product_tag?post=33385"}],"curies":[{"name":"wp","href":"https:\/\/api.w.org\/{rel}","templated":true}]}}