{"id":33388,"date":"2025-06-24T03:51:34","date_gmt":"2025-06-24T11:51:34","guid":{"rendered":"http:\/\/45.63.70.205\/?post_type=product&#038;p=33388"},"modified":"2025-06-24T03:54:32","modified_gmt":"2025-06-24T11:54:32","slug":"minnie-mouse-unicorn-art-set-coloring-stickers-and-markers-for-creative-play","status":"publish","type":"product","link":"http:\/\/shinyyoustationery.com\/fr\/minnie-mouse-unicorn-art-set-coloring-stickers-and-markers-for-creative-play\/","title":{"rendered":"Set d'art de la licorne Minnie Mouse - Coloriage, autocollants et marqueurs pour le jeu cr\u00e9atif"},"content":{"rendered":"","protected":false},"excerpt":{"rendered":"<p>Donnez vie \u00e0 la magie et \u00e0 la cr\u00e9ativit\u00e9 avec ce set d'art de la licorne de Minnie Mouse ! Avec Minnie Mouse et une licorne sur des motifs color\u00e9s, ce set comprend tout ce dont vous avez besoin pour passer un moment amusant et artistique. Avec des feuilles de coloriage, des marqueurs vibrants et des autocollants sur le th\u00e8me de la licorne, les enfants peuvent profiter de nombreuses heures de jeu cr\u00e9atif. Id\u00e9al pour l'\u00e9cole, la maison ou comme cadeau sp\u00e9cial pour les fans de Minnie Mouse, ce set est parfait pour cr\u00e9er de beaux motifs et ajouter des touches personnelles \u00e0 n'importe quel projet.<\/p>","protected":false},"featured_media":33392,"template":"","meta":[],"product_brand":[],"product_cat":[383],"product_tag":[],"class_list":{"0":"post-33388","1":"product","2":"type-product","3":"status-publish","4":"has-post-thumbnail","6":"product_cat-licensed-stationery-supplier","8":"first","9":"instock","10":"shipping-taxable","11":"product-type-simple"},"_links":{"self":[{"href":"http:\/\/shinyyoustationery.com\/fr\/wp-json\/wp\/v2\/product\/33388","targetHints":{"allow":["GET"]}}],"collection":[{"href":"http:\/\/shinyyoustationery.com\/fr\/wp-json\/wp\/v2\/product"}],"about":[{"href":"http:\/\/shinyyoustationery.com\/fr\/wp-json\/wp\/v2\/types\/product"}],"version-history":[{"count":0,"href":"http:\/\/shinyyoustationery.com\/fr\/wp-json\/wp\/v2\/product\/33388\/revisions"}],"wp:featuredmedia":[{"embeddable":true,"href":"http:\/\/shinyyoustationery.com\/fr\/wp-json\/wp\/v2\/media\/33392"}],"wp:attachment":[{"href":"http:\/\/shinyyoustationery.com\/fr\/wp-json\/wp\/v2\/media?parent=33388"}],"wp:term":[{"taxonomy":"product_brand","embeddable":true,"href":"http:\/\/shinyyoustationery.com\/fr\/wp-json\/wp\/v2\/product_brand?post=33388"},{"taxonomy":"product_cat","embeddable":true,"href":"http:\/\/shinyyoustationery.com\/fr\/wp-json\/wp\/v2\/product_cat?post=33388"},{"taxonomy":"product_tag","embeddable":true,"href":"http:\/\/shinyyoustationery.com\/fr\/wp-json\/wp\/v2\/product_tag?post=33388"}],"curies":[{"name":"wp","href":"https:\/\/api.w.org\/{rel}","templated":true}]}}