{"id":33395,"date":"2025-06-24T03:57:40","date_gmt":"2025-06-24T11:57:40","guid":{"rendered":"http:\/\/45.63.70.205\/?post_type=product&#038;p=33395"},"modified":"2025-06-24T03:57:40","modified_gmt":"2025-06-24T11:57:40","slug":"minnie-mouse-coloring-set-8-pages-crayons-and-stickers-for-fun-and-creative-play","status":"publish","type":"product","link":"http:\/\/shinyyoustationery.com\/fr\/minnie-mouse-coloring-set-8-pages-crayons-and-stickers-for-fun-and-creative-play\/","title":{"rendered":"Kit de coloriage Minnie Mouse - 8 pages, crayons et autocollants pour s'amuser et jouer de fa\u00e7on cr\u00e9ative"},"content":{"rendered":"","protected":false},"excerpt":{"rendered":"<p>Pr\u00e9pare-toi \u00e0 une aventure de coloriage amusante avec ce set Minnie Mouse ! Avec 8 pages de coloriage repr\u00e9sentant Minnie et ses amis, ce set comprend 6 crayons vibrants et 6 mignons autocollants pour am\u00e9liorer tes cr\u00e9ations. Ce set est parfait pour les jeunes artistes qui aiment Minnie Mouse et ses \u00e9l\u00e9gants pois. Que ce soit \u00e0 la maison, \u00e0 l'\u00e9cole ou lors d'une f\u00eate cr\u00e9ative, ce set donne vie au monde charmant de Minnie dans des couleurs vives !<\/p>","protected":false},"featured_media":33396,"template":"","meta":[],"product_brand":[],"product_cat":[383],"product_tag":[],"class_list":{"0":"post-33395","1":"product","2":"type-product","3":"status-publish","4":"has-post-thumbnail","6":"product_cat-licensed-stationery-supplier","8":"first","9":"instock","10":"shipping-taxable","11":"product-type-simple"},"_links":{"self":[{"href":"http:\/\/shinyyoustationery.com\/fr\/wp-json\/wp\/v2\/product\/33395","targetHints":{"allow":["GET"]}}],"collection":[{"href":"http:\/\/shinyyoustationery.com\/fr\/wp-json\/wp\/v2\/product"}],"about":[{"href":"http:\/\/shinyyoustationery.com\/fr\/wp-json\/wp\/v2\/types\/product"}],"version-history":[{"count":0,"href":"http:\/\/shinyyoustationery.com\/fr\/wp-json\/wp\/v2\/product\/33395\/revisions"}],"wp:featuredmedia":[{"embeddable":true,"href":"http:\/\/shinyyoustationery.com\/fr\/wp-json\/wp\/v2\/media\/33396"}],"wp:attachment":[{"href":"http:\/\/shinyyoustationery.com\/fr\/wp-json\/wp\/v2\/media?parent=33395"}],"wp:term":[{"taxonomy":"product_brand","embeddable":true,"href":"http:\/\/shinyyoustationery.com\/fr\/wp-json\/wp\/v2\/product_brand?post=33395"},{"taxonomy":"product_cat","embeddable":true,"href":"http:\/\/shinyyoustationery.com\/fr\/wp-json\/wp\/v2\/product_cat?post=33395"},{"taxonomy":"product_tag","embeddable":true,"href":"http:\/\/shinyyoustationery.com\/fr\/wp-json\/wp\/v2\/product_tag?post=33395"}],"curies":[{"name":"wp","href":"https:\/\/api.w.org\/{rel}","templated":true}]}}