{"id":33402,"date":"2025-06-24T04:03:14","date_gmt":"2025-06-24T12:03:14","guid":{"rendered":"http:\/\/45.63.70.205\/?post_type=product&#038;p=33402"},"modified":"2025-06-24T04:03:14","modified_gmt":"2025-06-24T12:03:14","slug":"mike-wazowski-coin-purse-keychain-fun-green-monster-design-for-keys-coins-and-accessories","status":"publish","type":"product","link":"http:\/\/shinyyoustationery.com\/fr\/mike-wazowski-coin-purse-keychain-fun-green-monster-design-for-keys-coins-and-accessories\/","title":{"rendered":"Porte-monnaie porte-cl\u00e9s Mike Wazowski - Design amusant du monstre vert pour cl\u00e9s, pi\u00e8ces de monnaie et accessoires"},"content":{"rendered":"","protected":false},"excerpt":{"rendered":"<p>Keep your essentials cute and organized with this Mike Wazowski coin purse keychain! Featuring Mike\u2019s iconic single eye and toothy grin, this vibrant green coin purse is perfect for storing coins, small items, or keys. The attached green strap with &#8220;LUCKY&#8221; adds extra charm, making it a fun and practical accessory for your bag or backpack. Ideal for Disney fans or anyone looking for a playful, functional keychain.<\/p>","protected":false},"featured_media":33403,"template":"","meta":[],"product_brand":[],"product_cat":[383],"product_tag":[],"class_list":{"0":"post-33402","1":"product","2":"type-product","3":"status-publish","4":"has-post-thumbnail","6":"product_cat-licensed-stationery-supplier","8":"first","9":"instock","10":"shipping-taxable","11":"product-type-simple"},"_links":{"self":[{"href":"http:\/\/shinyyoustationery.com\/fr\/wp-json\/wp\/v2\/product\/33402","targetHints":{"allow":["GET"]}}],"collection":[{"href":"http:\/\/shinyyoustationery.com\/fr\/wp-json\/wp\/v2\/product"}],"about":[{"href":"http:\/\/shinyyoustationery.com\/fr\/wp-json\/wp\/v2\/types\/product"}],"version-history":[{"count":0,"href":"http:\/\/shinyyoustationery.com\/fr\/wp-json\/wp\/v2\/product\/33402\/revisions"}],"wp:featuredmedia":[{"embeddable":true,"href":"http:\/\/shinyyoustationery.com\/fr\/wp-json\/wp\/v2\/media\/33403"}],"wp:attachment":[{"href":"http:\/\/shinyyoustationery.com\/fr\/wp-json\/wp\/v2\/media?parent=33402"}],"wp:term":[{"taxonomy":"product_brand","embeddable":true,"href":"http:\/\/shinyyoustationery.com\/fr\/wp-json\/wp\/v2\/product_brand?post=33402"},{"taxonomy":"product_cat","embeddable":true,"href":"http:\/\/shinyyoustationery.com\/fr\/wp-json\/wp\/v2\/product_cat?post=33402"},{"taxonomy":"product_tag","embeddable":true,"href":"http:\/\/shinyyoustationery.com\/fr\/wp-json\/wp\/v2\/product_tag?post=33402"}],"curies":[{"name":"wp","href":"https:\/\/api.w.org\/{rel}","templated":true}]}}