{"id":33419,"date":"2025-06-24T18:45:03","date_gmt":"2025-06-25T02:45:03","guid":{"rendered":"http:\/\/45.63.70.205\/?post_type=product&#038;p=33419"},"modified":"2025-06-24T18:45:03","modified_gmt":"2025-06-25T02:45:03","slug":"dreamworks-trolls-party-all-stars-activity-book-with-markers-stencils-stickers","status":"publish","type":"product","link":"http:\/\/shinyyoustationery.com\/fr\/dreamworks-trolls-party-all-stars-activity-book-with-markers-stencils-stickers\/","title":{"rendered":"DreamWorks Trolls Party All-Stars Cahier d'activit\u00e9s avec marqueurs, pochoirs et autocollants"},"content":{"rendered":"","protected":false},"excerpt":{"rendered":"<p>Faites preuve de cr\u00e9ativit\u00e9 avec le <strong data-start=\"195\" data-end=\"246\">DreamWorks Trolls Party All-Stars Cahier d'activit\u00e9s<\/strong>! D\u00e9bordant de couleurs et de plaisir, ce cahier d'activit\u00e9s de 75 pages met en sc\u00e8ne tes personnages Trolls pr\u00e9f\u00e9r\u00e9s de l'univers DreamWorks. Il comprend 3 marqueurs empilables, des pochoirs ludiques et une feuille d'autocollants pour personnaliser tes cr\u00e9ations. Parfait pour les jeunes artistes et les fans des Trolls, ce livre offre des heures de divertissement \u00e0 la maison ou en d\u00e9placement. Que la f\u00eate des Trolls commence - colorie, dessine et c\u00e9l\u00e8bre \u00e0 chaque page !<\/p>","protected":false},"featured_media":33421,"template":"","meta":[],"product_brand":[],"product_cat":[383],"product_tag":[],"class_list":{"0":"post-33419","1":"product","2":"type-product","3":"status-publish","4":"has-post-thumbnail","6":"product_cat-licensed-stationery-supplier","8":"first","9":"instock","10":"shipping-taxable","11":"product-type-simple"},"_links":{"self":[{"href":"http:\/\/shinyyoustationery.com\/fr\/wp-json\/wp\/v2\/product\/33419","targetHints":{"allow":["GET"]}}],"collection":[{"href":"http:\/\/shinyyoustationery.com\/fr\/wp-json\/wp\/v2\/product"}],"about":[{"href":"http:\/\/shinyyoustationery.com\/fr\/wp-json\/wp\/v2\/types\/product"}],"version-history":[{"count":0,"href":"http:\/\/shinyyoustationery.com\/fr\/wp-json\/wp\/v2\/product\/33419\/revisions"}],"wp:featuredmedia":[{"embeddable":true,"href":"http:\/\/shinyyoustationery.com\/fr\/wp-json\/wp\/v2\/media\/33421"}],"wp:attachment":[{"href":"http:\/\/shinyyoustationery.com\/fr\/wp-json\/wp\/v2\/media?parent=33419"}],"wp:term":[{"taxonomy":"product_brand","embeddable":true,"href":"http:\/\/shinyyoustationery.com\/fr\/wp-json\/wp\/v2\/product_brand?post=33419"},{"taxonomy":"product_cat","embeddable":true,"href":"http:\/\/shinyyoustationery.com\/fr\/wp-json\/wp\/v2\/product_cat?post=33419"},{"taxonomy":"product_tag","embeddable":true,"href":"http:\/\/shinyyoustationery.com\/fr\/wp-json\/wp\/v2\/product_tag?post=33419"}],"curies":[{"name":"wp","href":"https:\/\/api.w.org\/{rel}","templated":true}]}}