{"id":33423,"date":"2025-06-24T19:06:04","date_gmt":"2025-06-25T03:06:04","guid":{"rendered":"http:\/\/45.63.70.205\/?post_type=product&#038;p=33423"},"modified":"2025-06-24T19:09:45","modified_gmt":"2025-06-25T03:09:45","slug":"spider-man-coloring-set-for-kids-sheets-crayons-stickers","status":"publish","type":"product","link":"http:\/\/shinyyoustationery.com\/fr\/spider-man-coloring-set-for-kids-sheets-crayons-stickers\/","title":{"rendered":"Jeu de coloriage Spider-Man pour enfants - Feuilles, crayons et autocollants"},"content":{"rendered":"","protected":false},"excerpt":{"rendered":"<p>Plongez dans l'univers de Spider-Man avec ce set de coloriage amusant ! Parfait pour les jeunes artistes, il comprend 8 feuilles repr\u00e9sentant Spider-Man et ses poses embl\u00e9matiques, ainsi que 6 crayons vibrants pour donner vie \u00e0 vos cr\u00e9ations. De plus, le set est accompagn\u00e9 de 6 autocollants \u00e0 th\u00e8me pour une d\u00e9coration suppl\u00e9mentaire. Id\u00e9al pour les jeux cr\u00e9atifs et les fans de Spider-Man !<\/p>","protected":false},"featured_media":33424,"template":"","meta":[],"product_brand":[],"product_cat":[383],"product_tag":[],"class_list":{"0":"post-33423","1":"product","2":"type-product","3":"status-publish","4":"has-post-thumbnail","6":"product_cat-licensed-stationery-supplier","8":"first","9":"instock","10":"shipping-taxable","11":"product-type-simple"},"_links":{"self":[{"href":"http:\/\/shinyyoustationery.com\/fr\/wp-json\/wp\/v2\/product\/33423","targetHints":{"allow":["GET"]}}],"collection":[{"href":"http:\/\/shinyyoustationery.com\/fr\/wp-json\/wp\/v2\/product"}],"about":[{"href":"http:\/\/shinyyoustationery.com\/fr\/wp-json\/wp\/v2\/types\/product"}],"version-history":[{"count":0,"href":"http:\/\/shinyyoustationery.com\/fr\/wp-json\/wp\/v2\/product\/33423\/revisions"}],"wp:featuredmedia":[{"embeddable":true,"href":"http:\/\/shinyyoustationery.com\/fr\/wp-json\/wp\/v2\/media\/33424"}],"wp:attachment":[{"href":"http:\/\/shinyyoustationery.com\/fr\/wp-json\/wp\/v2\/media?parent=33423"}],"wp:term":[{"taxonomy":"product_brand","embeddable":true,"href":"http:\/\/shinyyoustationery.com\/fr\/wp-json\/wp\/v2\/product_brand?post=33423"},{"taxonomy":"product_cat","embeddable":true,"href":"http:\/\/shinyyoustationery.com\/fr\/wp-json\/wp\/v2\/product_cat?post=33423"},{"taxonomy":"product_tag","embeddable":true,"href":"http:\/\/shinyyoustationery.com\/fr\/wp-json\/wp\/v2\/product_tag?post=33423"}],"curies":[{"name":"wp","href":"https:\/\/api.w.org\/{rel}","templated":true}]}}